{"id":20059,"date":"2026-01-31T15:41:01","date_gmt":"2026-01-31T13:41:01","guid":{"rendered":"https:\/\/akvaariumid.eu\/product\/levamicil-20ml\/"},"modified":"2026-01-31T15:41:01","modified_gmt":"2026-01-31T13:41:01","slug":"levamicil-20ml","status":"publish","type":"product","link":"https:\/\/akvaariumid.eu\/ru\/product\/levamicil-20ml\/","title":{"rendered":"Levamicil 20ml"},"content":{"rendered":"<p><strong>LEVAMICIL<\/strong> &#8211; \u043b\u0435\u043a\u0430\u0440\u0441\u0442\u0432\u0430 \u0434\u043b\u044f \u043f\u0440\u0435\u0441\u043d\u043e\u0432\u043e\u0434\u043d\u044b\u0445 \u0438 \u043c\u043e\u0440\u0441\u043a\u0438\u0445 \u0430\u043a\u0432\u0430\u0440\u0438\u0443\u043c\u043d\u044b\u0445 \u0440\u044b\u0431<\/p>\n<p><strong>Levomicil \u0434\u0435\u0439\u0441\u0442\u0432\u0438\u0435<\/strong>:<\/p>\n<p>\u042d\u0444\u0444\u0435\u043a\u0442\u0438\u0432\u0435\u043d \u043f\u0440\u043e\u0442\u0438\u0432 \u043d\u0435\u043c\u0430\u0442\u043e\u0434 (\u043a\u0440\u0443\u0433\u043b\u044b\u0445 \u0447\u0435\u0440\u0432\u0435\u0439), \u0442\u0430\u043a\u0438\u0445 \u043a\u0430\u043a Capillaria sp. (karvaussid), Camallanus sp. (Fr\u00e4\u00dfkopfw\u00fcrmer), Oxyuridae sp. (Discus pinworms);<\/p>\n<p>\u0431\u043e\u0440\u0435\u0442\u0441\u044f \u0441 \u043f\u0430\u0440\u0430\u0437\u0438\u0442\u0438\u0447\u0435\u0441\u043a\u0438\u043c\u0438 \u0447\u0435\u0440\u0432\u044f\u043c\u0438, \u0432\u044b\u0437\u044b\u0432\u0430\u044e\u0449\u0438\u043c\u0438 \u0440\u0430\u0437\u0434\u0440\u0430\u0436\u0435\u043d\u0438\u0435 \u0438\u043b\u0438 \u043f\u0435\u0440\u0444\u043e\u0440\u0430\u0446\u0438\u044e \u0441\u0442\u0435\u043d\u043a\u0438 \u043a\u0438\u0448\u0435\u0447\u043d\u0438\u043a\u0430 \u0443 \u043f\u043e\u0440\u0430\u0436\u0435\u043d\u043d\u044b\u0445 \u0440\u044b\u0431;<\/p>\n<p><strong>\u0421\u0438\u043c\u043f\u0442\u043e\u043c\u044b \u0437\u0430\u0431\u043e\u043b\u0435\u0432\u0430\u043d\u0438\u044f: <\/strong> \u0420\u044b\u0431\u044b, \u0437\u0430\u0440\u0430\u0436\u0435\u043d\u043d\u044b\u0435 \u043d\u0435\u043c\u0430\u0442\u043e\u0434\u0430\u043c\u0438, \u0441\u0442\u0430\u043d\u043e\u0432\u044f\u0442\u0441\u044f \u0438\u0441\u0442\u043e\u0449\u0435\u043d\u043d\u044b\u043c\u0438 \u0438 \u0441\u043b\u0430\u0431\u044b\u043c\u0438. \u041f\u0440\u0438\u0437\u043d\u0430\u043a\u0438 \u0437\u0430\u0431\u043e\u043b\u0435\u0432\u0430\u043d\u0438\u0439, \u0432\u044b\u0437\u044b\u0432\u0430\u0435\u043c\u044b\u0445 \u043f\u0430\u0440\u0430\u0437\u0438\u0442\u0430\u043c\u0438, \u0432\u043a\u043b\u044e\u0447\u0430\u044e\u0442 \u043a\u0440\u0430\u0441\u043d\u044b\u0435 \u043d\u0438\u0442\u0435\u0432\u0438\u0434\u043d\u044b\u0435 \u043e\u0431\u0440\u0430\u0437\u043e\u0432\u0430\u043d\u0438\u044f, \u0441\u0432\u0438\u0441\u0430\u044e\u0449\u0438\u0435 \u0438\u0437 \u0430\u043d\u0430\u043b\u044c\u043d\u043e\u0433\u043e \u043e\u0442\u0432\u0435\u0440\u0441\u0442\u0438\u044f \u0440\u044b\u0431\u044b, \u0431\u0435\u043b\u044b\u0435 \u0441\u043b\u0438\u0437\u0438\u0441\u0442\u044b\u0435 \u044d\u043a\u0441\u043a\u0440\u0435\u043c\u0435\u043d\u0442\u044b, \u0442\u0435\u043c\u043d\u044b\u0439 \u0446\u0432\u0435\u0442 \u043a\u043e\u0436\u0438 \u0438 \u0440\u0430\u0437\u0434\u0440\u0430\u0436\u0438\u0442\u0435\u043b\u044c\u043d\u043e\u0441\u0442\u044c.<\/p>\n<p>\u0412\u0430\u0436\u043d\u043e \u043a\u0430\u043a \u043c\u043e\u0436\u043d\u043e \u0441\u043a\u043e\u0440\u0435\u0435 \u043d\u0430\u0447\u0430\u0442\u044c \u043b\u0435\u0447\u0435\u043d\u0438\u0435 \u0440\u044b\u0431\u044b, \u0432\u044b\u044f\u0432\u0438\u0432 \u043e\u043f\u0438\u0441\u0430\u043d\u043d\u043e\u0435 \u0432\u044b\u0448\u0435 \u0437\u0430\u0431\u043e\u043b\u0435\u0432\u0430\u043d\u0438\u0435. \u0414\u043b\u044f \u0434\u0438\u0430\u0433\u043d\u043e\u0441\u0442\u0438\u043a\u0438 \u0441\u043b\u0435\u0434\u0443\u0435\u0442 \u0438\u0441\u043f\u043e\u043b\u044c\u0437\u043e\u0432\u0430\u0442\u044c \u0442\u0435\u0441\u0442\u0438\u0440\u043e\u0432\u0430\u043d\u0438\u0435.<\/p>\n<p><strong>\u0421\u043e\u0441\u0442\u0430\u0432<\/strong> mg\/ml: \u041b\u0435\u0432\u0430\u043c\u0438\u0437\u043e\u043b\u0430 \u0433\u0438\u0434\u0440\u043e\u0445\u043b\u043e\u0440\u0438\u0434 60 \u043c\u0433\/\u043c\u043b. \u0414\u0440\u0443\u0433\u0438\u0435 \u0438\u043d\u0433\u0440\u0435\u0434\u0438\u0435\u043d\u0442\u044b: \u043c\u0435\u0442\u0438\u043b-4-\u0433\u0438\u0434\u0440\u043e\u043a\u0441\u0438\u0431\u0435\u043d\u0437\u043e\u0430\u0442 0,9 \u043c\u0433\/\u043c\u043b, \u043c\u0435\u0442\u0430\u0431\u0438\u0441\u0443\u043b\u044c\u0444\u0438\u0442 \u043d\u0430\u0442\u0440\u0438\u044f 1,6 \u043c\u0433\/\u043c\u043b. <\/p>\n","protected":false},"excerpt":{"rendered":"<p>LEVAMICIL &#8211; \u043b\u0435\u043a\u0430\u0440\u0441\u0442\u0432\u0430 \u0434\u043b\u044f \u043f\u0440\u0435\u0441\u043d\u043e\u0432\u043e\u0434\u043d\u044b\u0445 \u0438 \u043c\u043e\u0440\u0441\u043a\u0438\u0445 \u0430\u043a\u0432\u0430\u0440\u0438\u0443\u043c\u043d\u044b\u0445 \u0440\u044b\u0431 Levomicil \u0434\u0435\u0439\u0441\u0442\u0432\u0438\u0435: \u042d\u0444\u0444\u0435\u043a\u0442\u0438\u0432\u0435\u043d \u043f\u0440\u043e\u0442\u0438\u0432 \u043d\u0435\u043c\u0430\u0442\u043e\u0434 (\u043a\u0440\u0443\u0433\u043b\u044b\u0445 \u0447\u0435\u0440\u0432\u0435\u0439), \u0442\u0430\u043a\u0438\u0445 \u043a\u0430\u043a Capillaria sp. (karvaussid), Camallanus sp. (Fr\u00e4\u00dfkopfw\u00fcrmer), Oxyuridae sp. (Discus pinworms); \u0431\u043e\u0440\u0435\u0442\u0441\u044f \u0441 \u043f\u0430\u0440\u0430\u0437\u0438\u0442\u0438\u0447\u0435\u0441\u043a\u0438\u043c\u0438 \u0447\u0435\u0440\u0432\u044f\u043c\u0438, \u0432\u044b\u0437\u044b\u0432\u0430\u044e\u0449\u0438\u043c\u0438 \u0440\u0430\u0437\u0434\u0440\u0430\u0436\u0435\u043d\u0438\u0435 \u0438\u043b\u0438 \u043f\u0435\u0440\u0444\u043e\u0440\u0430\u0446\u0438\u044e \u0441\u0442\u0435\u043d\u043a\u0438 \u043a\u0438\u0448\u0435\u0447\u043d\u0438\u043a\u0430 \u0443 \u043f\u043e\u0440\u0430\u0436\u0435\u043d\u043d\u044b\u0445 \u0440\u044b\u0431; \u0421\u0438\u043c\u043f\u0442\u043e\u043c\u044b \u0437\u0430\u0431\u043e\u043b\u0435\u0432\u0430\u043d\u0438\u044f: \u0420\u044b\u0431\u044b, \u0437\u0430\u0440\u0430\u0436\u0435\u043d\u043d\u044b\u0435 \u043d\u0435\u043c\u0430\u0442\u043e\u0434\u0430\u043c\u0438, \u0441\u0442\u0430\u043d\u043e\u0432\u044f\u0442\u0441\u044f \u0438\u0441\u0442\u043e\u0449\u0435\u043d\u043d\u044b\u043c\u0438 \u0438 \u0441\u043b\u0430\u0431\u044b\u043c\u0438. \u041f\u0440\u0438\u0437\u043d\u0430\u043a\u0438 \u0437\u0430\u0431\u043e\u043b\u0435\u0432\u0430\u043d\u0438\u0439, \u0432\u044b\u0437\u044b\u0432\u0430\u0435\u043c\u044b\u0445 \u043f\u0430\u0440\u0430\u0437\u0438\u0442\u0430\u043c\u0438, \u0432\u043a\u043b\u044e\u0447\u0430\u044e\u0442 [&hellip;]<\/p>\n","protected":false},"featured_media":20055,"template":"","meta":[],"product_brand":[],"product_cat":[181],"product_tag":[],"class_list":{"0":"post-20059","1":"product","2":"type-product","3":"status-publish","4":"has-post-thumbnail","6":"product_cat-181","8":"first","9":"instock","10":"taxable","11":"shipping-taxable","12":"purchasable","13":"product-type-simple"},"supplier_id":null,"supplier_sku":"","barcode":null,"atum_controlled":true,"out_stock_date":null,"out_stock_threshold":null,"inheritable":false,"inbound_stock":null,"stock_on_hold":0,"sold_today":0,"sales_last_days":0,"reserved_stock":null,"customer_returns":null,"warehouse_damage":null,"lost_in_post":null,"other_logs":null,"out_stock_days":0,"lost_sales":0,"has_location":false,"update_date":"2026-05-02T00:57:58","atum_locations":[],"atum_stock_status":"instock","restock_status":false,"low_stock_amount":"","sales_update_date":"2026-05-02T00:57:58","calc_backorders":null,"_links":{"self":[{"href":"https:\/\/akvaariumid.eu\/ru\/wp-json\/wp\/v2\/product\/20059","targetHints":{"allow":["GET"]}}],"collection":[{"href":"https:\/\/akvaariumid.eu\/ru\/wp-json\/wp\/v2\/product"}],"about":[{"href":"https:\/\/akvaariumid.eu\/ru\/wp-json\/wp\/v2\/types\/product"}],"wp:featuredmedia":[{"embeddable":true,"href":"https:\/\/akvaariumid.eu\/ru\/wp-json\/wp\/v2\/media\/20055"}],"wp:attachment":[{"href":"https:\/\/akvaariumid.eu\/ru\/wp-json\/wp\/v2\/media?parent=20059"}],"wp:term":[{"taxonomy":"product_brand","embeddable":true,"href":"https:\/\/akvaariumid.eu\/ru\/wp-json\/wp\/v2\/product_brand?post=20059"},{"taxonomy":"product_cat","embeddable":true,"href":"https:\/\/akvaariumid.eu\/ru\/wp-json\/wp\/v2\/product_cat?post=20059"},{"taxonomy":"product_tag","embeddable":true,"href":"https:\/\/akvaariumid.eu\/ru\/wp-json\/wp\/v2\/product_tag?post=20059"}],"curies":[{"name":"wp","href":"https:\/\/api.w.org\/{rel}","templated":true}]}}