{"id":19735,"date":"2025-06-28T14:51:25","date_gmt":"2025-06-28T11:51:25","guid":{"rendered":"https:\/\/akvaariumid.eu\/?post_type=product&#038;p=19735"},"modified":"2025-06-28T14:51:26","modified_gmt":"2025-06-28T11:51:26","slug":"eheim-compacton-5000","status":"publish","type":"product","link":"https:\/\/akvaariumid.eu\/ru\/product\/eheim-compacton-5000\/","title":{"rendered":"EHEIM CompactON 5000"},"content":{"rendered":"<p>EHEIM compactON akvaariumipumpa iseloomustab juba oma nime j\u00e4rgi kompaktne disain. T\u00e4nu kvaliteetsele materjalile on neid v\u00f5imalik probleemideta kasutada ka merevees.<\/p>\n<ul>\n<li><b>Pumba v\u00e4ljund(l\/h):\u00a0<\/b>5000<\/li>\n<li><b>V\u00f5imsus(W):\u00a0<\/b>70<\/li>\n<\/ul>\n<p>Tootekood: 1032220<\/p>\n","protected":false},"excerpt":{"rendered":"<p>EHEIM compactON akvaariumipumpa iseloomustab juba oma nime j\u00e4rgi kompaktne disain. T\u00e4nu kvaliteetsele materjalile on neid v\u00f5imalik probleemideta kasutada ka merevees. Pumba v\u00e4ljund(l\/h):\u00a05000 V\u00f5imsus(W):\u00a070 Tootekood: 1032220<\/p>\n","protected":false},"featured_media":0,"template":"","meta":[],"product_brand":[],"product_cat":[137],"product_tag":[],"class_list":{"0":"post-19735","1":"product","2":"type-product","3":"status-publish","5":"product_cat-ohupumbad","6":"ts_product_brand-eheim","8":"first","9":"instock","10":"taxable","11":"shipping-taxable","12":"purchasable","13":"product-type-simple"},"supplier_id":null,"supplier_sku":"","barcode":"4011708001882","atum_controlled":true,"out_stock_date":null,"out_stock_threshold":null,"inheritable":false,"inbound_stock":0,"stock_on_hold":0,"sold_today":0,"sales_last_days":0,"reserved_stock":0,"customer_returns":0,"warehouse_damage":null,"lost_in_post":null,"other_logs":0,"out_stock_days":0,"lost_sales":0,"has_location":false,"update_date":"2026-04-19T00:48:41","atum_locations":[],"atum_stock_status":"instock","restock_status":false,"low_stock_amount":"","sales_update_date":"2026-04-19T00:48:41","calc_backorders":null,"_links":{"self":[{"href":"https:\/\/akvaariumid.eu\/ru\/wp-json\/wp\/v2\/product\/19735","targetHints":{"allow":["GET"]}}],"collection":[{"href":"https:\/\/akvaariumid.eu\/ru\/wp-json\/wp\/v2\/product"}],"about":[{"href":"https:\/\/akvaariumid.eu\/ru\/wp-json\/wp\/v2\/types\/product"}],"wp:attachment":[{"href":"https:\/\/akvaariumid.eu\/ru\/wp-json\/wp\/v2\/media?parent=19735"}],"wp:term":[{"taxonomy":"product_brand","embeddable":true,"href":"https:\/\/akvaariumid.eu\/ru\/wp-json\/wp\/v2\/product_brand?post=19735"},{"taxonomy":"product_cat","embeddable":true,"href":"https:\/\/akvaariumid.eu\/ru\/wp-json\/wp\/v2\/product_cat?post=19735"},{"taxonomy":"product_tag","embeddable":true,"href":"https:\/\/akvaariumid.eu\/ru\/wp-json\/wp\/v2\/product_tag?post=19735"}],"curies":[{"name":"wp","href":"https:\/\/api.w.org\/{rel}","templated":true}]}}