{"id":19467,"date":"2022-05-21T17:43:57","date_gmt":"2022-05-21T14:43:57","guid":{"rendered":"https:\/\/akvaariumid.eu\/product\/eheim-aquaball-60\/"},"modified":"2025-07-05T15:36:13","modified_gmt":"2025-07-05T12:36:13","slug":"eheim-aquaball-60","status":"publish","type":"product","link":"https:\/\/akvaariumid.eu\/ru\/product\/eheim-aquaball-60\/","title":{"rendered":"EHEIM Aquaball 60"},"content":{"rendered":"<p>\u041a\u0440\u0443\u0433\u043b\u0430\u044f \u0433\u043e\u043b\u043e\u0432\u043a\u0430 \u043d\u0430\u0441\u043e\u0441\u0430 \u043f\u043e\u0437\u0432\u043e\u043b\u044f\u0435\u0442 \u0440\u0435\u0433\u0443\u043b\u0438\u0440\u043e\u0432\u0430\u0442\u044c \u043d\u0430\u043f\u0440\u0430\u0432\u043b\u0435\u043d\u0438\u0435 \u043f\u043e\u0442\u043e\u043a\u0430 \u043f\u043e \u043c\u0435\u0440\u0435 \u043d\u0435\u043e\u0431\u0445\u043e\u0434\u0438\u043c\u043e\u0441\u0442\u0438. \u0421\u043a\u043e\u0440\u043e\u0441\u0442\u044c \u043f\u043e\u0442\u043e\u043a\u0430 \u043e\u043f\u0440\u0435\u0434\u0435\u043b\u044f\u0435\u0442\u0441\u044f \u0432\u044b\u0445\u043e\u0434\u043d\u044b\u043c \u0440\u0435\u0433\u0443\u043b\u044f\u0442\u043e\u0440\u043e\u043c. \u0411\u043b\u0430\u0433\u043e\u0434\u0430\u0440\u044f \u043c\u043e\u0434\u0443\u043b\u044c\u043d\u043e\u0439 \u0441\u0438\u0441\u0442\u0435\u043c\u0435 \u043e\u0431\u044a\u0435\u043c \u0444\u0438\u043b\u044c\u0442\u0440\u0430 \u043c\u043e\u0436\u043d\u043e \u0440\u0435\u0433\u0443\u043b\u0438\u0440\u043e\u0432\u0430\u0442\u044c \u043f\u043e \u043c\u0435\u0440\u0435 \u043d\u0435\u043e\u0431\u0445\u043e\u0434\u0438\u043c\u043e\u0441\u0442\u0438. \u041a\u043e\u0440\u0437\u0438\u043d\u044b \u0444\u0438\u043b\u044c\u0442\u0440\u043e\u0432 \u043b\u0435\u0433\u043a\u043e \u043a\u0440\u0435\u043f\u044f\u0442\u0441\u044f \u0438 \u0441\u043d\u0438\u043c\u0430\u044e\u0442\u0441\u044f \u0438 \u043c\u043e\u0433\u0443\u0442 \u0431\u044b\u0442\u044c \u0437\u0430\u043f\u043e\u043b\u043d\u0435\u043d\u044b \u0440\u0430\u0437\u043b\u0438\u0447\u043d\u044b\u043c\u0438 \u0444\u0438\u043b\u044c\u0442\u0440\u0443\u044e\u0449\u0438\u043c\u0438 \u043c\u0430\u0442\u0435\u0440\u0438\u0430\u043b\u0430\u043c\u0438. \u0424\u0438\u043b\u044c\u0442\u0440 \u0432\u044b\u043f\u043e\u043b\u043d\u044f\u0435\u0442 \u043c\u0435\u0445\u0430\u043d\u0438\u0447\u0435\u0441\u043a\u0443\u044e \u0438 \u0431\u0438\u043e\u043b\u043e\u0433\u0438\u0447\u0435\u0441\u043a\u0443\u044e \u0444\u0438\u043b\u044c\u0442\u0440\u0430\u0446\u0438\u044e.<\/p>\n<p><strong>\u041e\u0431\u044a\u0435\u043c \u0430\u043a\u0432\u0430\u0440\u0438\u0443\u043c\u0430 \u0434\u043e(L):<\/strong> 60<br \/>\n<b>\u041f\u0440\u043e\u043f\u0443\u0441\u043a\u043d\u0430\u044f \u0441\u043f\u043e\u0441\u043e\u0431\u043d\u043e\u0441\u0442\u044c(l\/h)<\/b>: 150<br \/>\n<b>\u041c\u043e\u0449\u043d\u043e\u0441\u0442\u044c(W)<\/b>: 5<br \/>\n<b>M\u00f5\u00f5dud(mm):<\/b> 96\u00d7160 Tootekood: 2401020<\/p>\n","protected":false},"excerpt":{"rendered":"<p>\u041a\u0440\u0443\u0433\u043b\u0430\u044f \u0433\u043e\u043b\u043e\u0432\u043a\u0430 \u043d\u0430\u0441\u043e\u0441\u0430 \u043f\u043e\u0437\u0432\u043e\u043b\u044f\u0435\u0442 \u0440\u0435\u0433\u0443\u043b\u0438\u0440\u043e\u0432\u0430\u0442\u044c \u043d\u0430\u043f\u0440\u0430\u0432\u043b\u0435\u043d\u0438\u0435 \u043f\u043e\u0442\u043e\u043a\u0430 \u043f\u043e \u043c\u0435\u0440\u0435 \u043d\u0435\u043e\u0431\u0445\u043e\u0434\u0438\u043c\u043e\u0441\u0442\u0438. \u0421\u043a\u043e\u0440\u043e\u0441\u0442\u044c \u043f\u043e\u0442\u043e\u043a\u0430 \u043e\u043f\u0440\u0435\u0434\u0435\u043b\u044f\u0435\u0442\u0441\u044f \u0432\u044b\u0445\u043e\u0434\u043d\u044b\u043c \u0440\u0435\u0433\u0443\u043b\u044f\u0442\u043e\u0440\u043e\u043c. \u0411\u043b\u0430\u0433\u043e\u0434\u0430\u0440\u044f \u043c\u043e\u0434\u0443\u043b\u044c\u043d\u043e\u0439 \u0441\u0438\u0441\u0442\u0435\u043c\u0435 \u043e\u0431\u044a\u0435\u043c \u0444\u0438\u043b\u044c\u0442\u0440\u0430 \u043c\u043e\u0436\u043d\u043e \u0440\u0435\u0433\u0443\u043b\u0438\u0440\u043e\u0432\u0430\u0442\u044c \u043f\u043e \u043c\u0435\u0440\u0435 \u043d\u0435\u043e\u0431\u0445\u043e\u0434\u0438\u043c\u043e\u0441\u0442\u0438. \u041a\u043e\u0440\u0437\u0438\u043d\u044b \u0444\u0438\u043b\u044c\u0442\u0440\u043e\u0432 \u043b\u0435\u0433\u043a\u043e \u043a\u0440\u0435\u043f\u044f\u0442\u0441\u044f \u0438 \u0441\u043d\u0438\u043c\u0430\u044e\u0442\u0441\u044f \u0438 \u043c\u043e\u0433\u0443\u0442 \u0431\u044b\u0442\u044c \u0437\u0430\u043f\u043e\u043b\u043d\u0435\u043d\u044b \u0440\u0430\u0437\u043b\u0438\u0447\u043d\u044b\u043c\u0438 \u0444\u0438\u043b\u044c\u0442\u0440\u0443\u044e\u0449\u0438\u043c\u0438 \u043c\u0430\u0442\u0435\u0440\u0438\u0430\u043b\u0430\u043c\u0438. \u0424\u0438\u043b\u044c\u0442\u0440 \u0432\u044b\u043f\u043e\u043b\u043d\u044f\u0435\u0442 \u043c\u0435\u0445\u0430\u043d\u0438\u0447\u0435\u0441\u043a\u0443\u044e \u0438 \u0431\u0438\u043e\u043b\u043e\u0433\u0438\u0447\u0435\u0441\u043a\u0443\u044e \u0444\u0438\u043b\u044c\u0442\u0440\u0430\u0446\u0438\u044e. \u041e\u0431\u044a\u0435\u043c \u0430\u043a\u0432\u0430\u0440\u0438\u0443\u043c\u0430 \u0434\u043e(L): 60 \u041f\u0440\u043e\u043f\u0443\u0441\u043a\u043d\u0430\u044f \u0441\u043f\u043e\u0441\u043e\u0431\u043d\u043e\u0441\u0442\u044c(l\/h): 150 \u041c\u043e\u0449\u043d\u043e\u0441\u0442\u044c(W): 5 M\u00f5\u00f5dud(mm): 96\u00d7160 [&hellip;]<\/p>\n","protected":false},"featured_media":12376,"template":"","meta":[],"product_brand":[],"product_cat":[196],"product_tag":[],"class_list":{"0":"post-19467","1":"product","2":"type-product","3":"status-publish","4":"has-post-thumbnail","6":"product_cat-196","7":"ts_product_brand-eheim-ru","9":"first","10":"instock","11":"taxable","12":"shipping-taxable","13":"purchasable","14":"product-type-simple"},"supplier_id":null,"supplier_sku":"","barcode":"4011708240106","atum_controlled":true,"out_stock_date":null,"out_stock_threshold":null,"inheritable":false,"inbound_stock":0,"stock_on_hold":0,"sold_today":0,"sales_last_days":0,"reserved_stock":0,"customer_returns":0,"warehouse_damage":null,"lost_in_post":null,"other_logs":0,"out_stock_days":0,"lost_sales":0,"has_location":false,"update_date":"2026-04-20T00:48:46","atum_locations":[],"atum_stock_status":"instock","restock_status":false,"low_stock_amount":"","sales_update_date":"2026-04-20T00:48:46","calc_backorders":null,"_links":{"self":[{"href":"https:\/\/akvaariumid.eu\/ru\/wp-json\/wp\/v2\/product\/19467","targetHints":{"allow":["GET"]}}],"collection":[{"href":"https:\/\/akvaariumid.eu\/ru\/wp-json\/wp\/v2\/product"}],"about":[{"href":"https:\/\/akvaariumid.eu\/ru\/wp-json\/wp\/v2\/types\/product"}],"wp:featuredmedia":[{"embeddable":true,"href":"https:\/\/akvaariumid.eu\/ru\/wp-json\/wp\/v2\/media\/12376"}],"wp:attachment":[{"href":"https:\/\/akvaariumid.eu\/ru\/wp-json\/wp\/v2\/media?parent=19467"}],"wp:term":[{"taxonomy":"product_brand","embeddable":true,"href":"https:\/\/akvaariumid.eu\/ru\/wp-json\/wp\/v2\/product_brand?post=19467"},{"taxonomy":"product_cat","embeddable":true,"href":"https:\/\/akvaariumid.eu\/ru\/wp-json\/wp\/v2\/product_cat?post=19467"},{"taxonomy":"product_tag","embeddable":true,"href":"https:\/\/akvaariumid.eu\/ru\/wp-json\/wp\/v2\/product_tag?post=19467"}],"curies":[{"name":"wp","href":"https:\/\/api.w.org\/{rel}","templated":true}]}}