{"id":12984,"date":"2022-05-21T17:52:10","date_gmt":"2022-05-21T17:52:10","guid":{"rendered":"https:\/\/uus.akvaariumid.eu\/?post_type=product&#038;p=12984"},"modified":"2024-04-18T18:27:48","modified_gmt":"2024-04-18T15:27:48","slug":"ujuv-magnethari-nmc-m","status":"publish","type":"product","link":"https:\/\/akvaariumid.eu\/ru\/product\/ujuv-magnethari-nmc-m\/","title":{"rendered":"Ujuv Magnethari NMC-M"},"content":{"rendered":"<p>Ujub vee pinnal,nii et seda on kerge v\u00f5tta ilma k\u00e4tt m\u00e4rjaks tegemata.<\/p>\n<p>Selle magnetiv\u00e4li on tugev ,mis sobib paksu\u00a0 klaasakvaariumi jaoks.<\/p>\n<p>Klaasipaksus kuni 8 mm.<\/p>\n<p>Seda on kerge puhastatda ja kasutada ning see on kauakestev.<\/p>\n<p>saadaval kolmes suuruses. Sobib eri suurusegaakvaariumile jaoks<\/p>\n<p>sobib 80-250 L akvaariumile<\/p>\n","protected":false},"excerpt":{"rendered":"<p>Ujub vee pinnal,nii et seda on kerge v\u00f5tta ilma k\u00e4tt m\u00e4rjaks tegemata. Selle magnetiv\u00e4li on tugev ,mis sobib paksu\u00a0 klaasakvaariumi jaoks. Klaasipaksus kuni 8 mm. Seda on kerge puhastatda ja kasutada ning see on kauakestev. saadaval kolmes suuruses. Sobib eri suurusegaakvaariumile jaoks sobib 80-250 L akvaariumile<\/p>\n","protected":false},"featured_media":13055,"template":"","meta":[],"product_brand":[],"product_cat":[147],"product_tag":[],"class_list":{"0":"post-12984","1":"product","2":"type-product","3":"status-publish","4":"has-post-thumbnail","6":"product_cat-puhastus","8":"first","9":"instock","10":"taxable","11":"shipping-taxable","12":"purchasable","13":"product-type-simple"},"supplier_id":null,"supplier_sku":"","barcode":null,"atum_controlled":true,"out_stock_date":null,"out_stock_threshold":null,"inheritable":false,"inbound_stock":0,"stock_on_hold":0,"sold_today":0,"sales_last_days":0,"reserved_stock":0,"customer_returns":0,"warehouse_damage":null,"lost_in_post":null,"other_logs":0,"out_stock_days":0,"lost_sales":0,"has_location":false,"update_date":"2026-04-18T00:46:28","atum_locations":[],"atum_stock_status":"instock","restock_status":false,"low_stock_amount":"","sales_update_date":"2026-04-18T00:46:28","calc_backorders":null,"_links":{"self":[{"href":"https:\/\/akvaariumid.eu\/ru\/wp-json\/wp\/v2\/product\/12984","targetHints":{"allow":["GET"]}}],"collection":[{"href":"https:\/\/akvaariumid.eu\/ru\/wp-json\/wp\/v2\/product"}],"about":[{"href":"https:\/\/akvaariumid.eu\/ru\/wp-json\/wp\/v2\/types\/product"}],"wp:featuredmedia":[{"embeddable":true,"href":"https:\/\/akvaariumid.eu\/ru\/wp-json\/wp\/v2\/media\/13055"}],"wp:attachment":[{"href":"https:\/\/akvaariumid.eu\/ru\/wp-json\/wp\/v2\/media?parent=12984"}],"wp:term":[{"taxonomy":"product_brand","embeddable":true,"href":"https:\/\/akvaariumid.eu\/ru\/wp-json\/wp\/v2\/product_brand?post=12984"},{"taxonomy":"product_cat","embeddable":true,"href":"https:\/\/akvaariumid.eu\/ru\/wp-json\/wp\/v2\/product_cat?post=12984"},{"taxonomy":"product_tag","embeddable":true,"href":"https:\/\/akvaariumid.eu\/ru\/wp-json\/wp\/v2\/product_tag?post=12984"}],"curies":[{"name":"wp","href":"https:\/\/api.w.org\/{rel}","templated":true}]}}