{"id":12904,"date":"2022-05-21T17:51:25","date_gmt":"2022-05-21T17:51:25","guid":{"rendered":"https:\/\/uus.akvaariumid.eu\/?post_type=product&#038;p=12904"},"modified":"2025-12-23T14:56:14","modified_gmt":"2025-12-23T12:56:14","slug":"bioloogiline-material-vulkaaniline-lava","status":"publish","type":"product","link":"https:\/\/akvaariumid.eu\/ru\/product\/bioloogiline-material-vulkaaniline-lava\/","title":{"rendered":"Bioloogiline material Vulkaaniline lava"},"content":{"rendered":"<p>Looduslikust materjalist,Pehmendab vett,Taime kasvatamiseks,stabiliseeri<wbr \/>b NO2\/NO3 eemaldab nii n\u00e4htav ja mikroskooppilisi reostus,eemaldab akvaariumist palju kahjulikke aineid, mis tulenevad elu kala, nahu ammonium ,nitraadid ,<br \/>\nSoodustab bakteride h\u00e4vitamise bioloogilisi j\u00e4\u00e4tmeid ja vahendab l\u00e4mmastiku kontsetratsiooni . H\u00e4vitab erinevaid khjulikke mikroorganiisme, Lava parandab vee kvaliteeti ja s\u00e4ilitab l\u00e4bipaistvuse,mis on v\u00e4ga oluline,etarendada akvaariumikala.Vulkaaniline kruus sisaldab kaaliumi.Juuresolekul seda mikroelementi on v\u00e4ga arengut taimedele.<\/p>\n<p>Pakk 300gr<\/p>\n","protected":false},"excerpt":{"rendered":"<p>Looduslikust materjalist,Pehmendab vett,Taime kasvatamiseks,stabiliseerib NO2\/NO3 eemaldab nii n\u00e4htav ja mikroskooppilisi reostus,eemaldab akvaariumist palju kahjulikke aineid, mis tulenevad elu kala, nahu ammonium ,nitraadid , Soodustab bakteride h\u00e4vitamise bioloogilisi j\u00e4\u00e4tmeid ja vahendab l\u00e4mmastiku kontsetratsiooni . H\u00e4vitab erinevaid khjulikke mikroorganiisme, Lava parandab vee kvaliteeti ja s\u00e4ilitab l\u00e4bipaistvuse,mis on v\u00e4ga oluline,etarendada akvaariumikala.Vulkaaniline kruus sisaldab kaaliumi.Juuresolekul seda mikroelementi on v\u00e4ga [&hellip;]<\/p>\n","protected":false},"featured_media":12969,"template":"","meta":[],"product_brand":[],"product_cat":[120,129,130],"product_tag":[],"class_list":{"0":"post-12904","1":"product","2":"type-product","3":"status-publish","4":"has-post-thumbnail","6":"product_cat-filtri-materjalid","7":"product_cat-hooldusvahendid","8":"product_cat-vaetised","10":"first","11":"instock","12":"taxable","13":"shipping-taxable","14":"purchasable","15":"product-type-simple"},"supplier_id":null,"supplier_sku":"","barcode":null,"atum_controlled":true,"out_stock_date":null,"out_stock_threshold":null,"inheritable":false,"inbound_stock":0,"stock_on_hold":1,"sold_today":0,"sales_last_days":0,"reserved_stock":0,"customer_returns":0,"warehouse_damage":null,"lost_in_post":null,"other_logs":0,"out_stock_days":0,"lost_sales":0,"has_location":false,"update_date":"2026-04-20T00:48:30","atum_locations":[],"atum_stock_status":"instock","restock_status":false,"low_stock_amount":"","sales_update_date":"2026-04-20T00:48:30","calc_backorders":null,"_links":{"self":[{"href":"https:\/\/akvaariumid.eu\/ru\/wp-json\/wp\/v2\/product\/12904","targetHints":{"allow":["GET"]}}],"collection":[{"href":"https:\/\/akvaariumid.eu\/ru\/wp-json\/wp\/v2\/product"}],"about":[{"href":"https:\/\/akvaariumid.eu\/ru\/wp-json\/wp\/v2\/types\/product"}],"wp:featuredmedia":[{"embeddable":true,"href":"https:\/\/akvaariumid.eu\/ru\/wp-json\/wp\/v2\/media\/12969"}],"wp:attachment":[{"href":"https:\/\/akvaariumid.eu\/ru\/wp-json\/wp\/v2\/media?parent=12904"}],"wp:term":[{"taxonomy":"product_brand","embeddable":true,"href":"https:\/\/akvaariumid.eu\/ru\/wp-json\/wp\/v2\/product_brand?post=12904"},{"taxonomy":"product_cat","embeddable":true,"href":"https:\/\/akvaariumid.eu\/ru\/wp-json\/wp\/v2\/product_cat?post=12904"},{"taxonomy":"product_tag","embeddable":true,"href":"https:\/\/akvaariumid.eu\/ru\/wp-json\/wp\/v2\/product_tag?post=12904"}],"curies":[{"name":"wp","href":"https:\/\/api.w.org\/{rel}","templated":true}]}}