{"id":12892,"date":"2022-05-21T17:51:23","date_gmt":"2022-05-21T17:51:23","guid":{"rendered":"https:\/\/uus.akvaariumid.eu\/?post_type=product&#038;p=12892"},"modified":"2025-02-22T14:10:51","modified_gmt":"2025-02-22T12:10:51","slug":"tetra-aps-100-ohukompressor","status":"publish","type":"product","link":"https:\/\/akvaariumid.eu\/ru\/product\/tetra-aps-100-ohukompressor\/","title":{"rendered":"Tetra \u00f5hukompressor APS 100"},"content":{"rendered":"<p>\u00d5hupump on ette n\u00e4htud tugeva pideva \u00f5huvoolu laskmiseks akvaariumisse. Sobib kasutamiseks koos teiste akvaariumitarvikute, nagu p\u00f5hja-\u00f5hufiltrite, \u00f5hukividega jm.<\/p>\n<ul>\n<li>\u00d5hupumpa on paigaldatud \u201eSilaflexi\u02ee sisemised \u00f5huklapid ja \u201eTetraTeci\u02ee membraanid, mis tagavad pumba pikaajalise t\u00f6\u00f6.<\/li>\n<li>Et pump t\u00f6\u00f6taks vaikselt, saab selle asetada erilistele vibratsiooni summutavatele jalgadele.<\/li>\n<li>Erilise siibriga saab reguleerida akvaariumisse lastava \u00f5hu hulka.<\/li>\n<li>Suurep\u00e4rane kvaliteet.<\/li>\n<li>CE sertifikaat.<\/li>\n<li>TETRATEC APS 100: pikkus 14,5 cm, laius 8,5 cm, k\u00f5rgus 6 cm, 50\u2013100 l akvaariumile, 100 l\/h, v\u00f5imsus 2,5 W;<\/li>\n<\/ul>\n","protected":false},"excerpt":{"rendered":"<p>\u00d5hupump on ette n\u00e4htud tugeva pideva \u00f5huvoolu laskmiseks akvaariumisse. Sobib kasutamiseks koos teiste akvaariumitarvikute, nagu p\u00f5hja-\u00f5hufiltrite, \u00f5hukividega jm. \u00d5hupumpa on paigaldatud \u201eSilaflexi\u02ee sisemised \u00f5huklapid ja \u201eTetraTeci\u02ee membraanid, mis tagavad pumba pikaajalise t\u00f6\u00f6. Et pump t\u00f6\u00f6taks vaikselt, saab selle asetada erilistele vibratsiooni summutavatele jalgadele. Erilise siibriga saab reguleerida akvaariumisse lastava \u00f5hu hulka. Suurep\u00e4rane kvaliteet. CE sertifikaat. [&hellip;]<\/p>\n","protected":false},"featured_media":15794,"template":"","meta":[],"product_brand":[],"product_cat":[137],"product_tag":[],"class_list":{"0":"post-12892","1":"product","2":"type-product","3":"status-publish","4":"has-post-thumbnail","6":"product_cat-ohupumbad","7":"ts_product_brand-tetra","9":"first","10":"instock","11":"taxable","12":"shipping-taxable","13":"purchasable","14":"product-type-simple"},"supplier_id":null,"supplier_sku":"","barcode":"4004218143142","atum_controlled":true,"out_stock_date":null,"out_stock_threshold":null,"inheritable":false,"inbound_stock":0,"stock_on_hold":0,"sold_today":0,"sales_last_days":0,"reserved_stock":0,"customer_returns":0,"warehouse_damage":0,"lost_in_post":0,"other_logs":0,"out_stock_days":0,"lost_sales":0,"has_location":false,"update_date":"2026-04-18T00:46:28","atum_locations":[],"atum_stock_status":"instock","restock_status":false,"low_stock_amount":"","sales_update_date":"2026-04-18T00:46:28","calc_backorders":null,"_links":{"self":[{"href":"https:\/\/akvaariumid.eu\/ru\/wp-json\/wp\/v2\/product\/12892","targetHints":{"allow":["GET"]}}],"collection":[{"href":"https:\/\/akvaariumid.eu\/ru\/wp-json\/wp\/v2\/product"}],"about":[{"href":"https:\/\/akvaariumid.eu\/ru\/wp-json\/wp\/v2\/types\/product"}],"wp:featuredmedia":[{"embeddable":true,"href":"https:\/\/akvaariumid.eu\/ru\/wp-json\/wp\/v2\/media\/15794"}],"wp:attachment":[{"href":"https:\/\/akvaariumid.eu\/ru\/wp-json\/wp\/v2\/media?parent=12892"}],"wp:term":[{"taxonomy":"product_brand","embeddable":true,"href":"https:\/\/akvaariumid.eu\/ru\/wp-json\/wp\/v2\/product_brand?post=12892"},{"taxonomy":"product_cat","embeddable":true,"href":"https:\/\/akvaariumid.eu\/ru\/wp-json\/wp\/v2\/product_cat?post=12892"},{"taxonomy":"product_tag","embeddable":true,"href":"https:\/\/akvaariumid.eu\/ru\/wp-json\/wp\/v2\/product_tag?post=12892"}],"curies":[{"name":"wp","href":"https:\/\/api.w.org\/{rel}","templated":true}]}}