{"id":12881,"date":"2022-05-21T17:51:22","date_gmt":"2022-05-21T17:51:22","guid":{"rendered":"https:\/\/uus.akvaariumid.eu\/?post_type=product&#038;p=12881"},"modified":"2025-02-15T14:02:09","modified_gmt":"2025-02-15T12:02:09","slug":"tetraaqua-algetten","status":"publish","type":"product","link":"https:\/\/akvaariumid.eu\/ru\/product\/tetraaqua-algetten\/","title":{"rendered":"TetraAqua Algetten"},"content":{"rendered":"<p>TetraAqua Algetten, vetikat\u00f5rje 12tk<\/p>\n<p>Aktiivsed vetikavastased koostisosad eralduvad pikkam\u00f6\u00f6da, tagades n\u00f5nda pikaaegse p\u00fcsiva efekti. Vetikad v\u00e4henevad m\u00e4rgatavalt 4-7 p\u00e4eva jooksul. Edasine vetikate juurdekasv on takistatud. Ei kahjusta veetaimi, kalu ega teisi organisme.<\/p>\n<p>Doseerimine: 1 tablet 10 liitri vee kohta (pakendist piisab 120 liitrile akvaariumiveele).<\/p>\n","protected":false},"excerpt":{"rendered":"<p>TetraAqua Algetten, vetikat\u00f5rje 12tk Aktiivsed vetikavastased koostisosad eralduvad pikkam\u00f6\u00f6da, tagades n\u00f5nda pikaaegse p\u00fcsiva efekti. Vetikad v\u00e4henevad m\u00e4rgatavalt 4-7 p\u00e4eva jooksul. Edasine vetikate juurdekasv on takistatud. Ei kahjusta veetaimi, kalu ega teisi organisme. Doseerimine: 1 tablet 10 liitri vee kohta (pakendist piisab 120 liitrile akvaariumiveele).<\/p>\n","protected":false},"featured_media":12916,"template":"","meta":[],"product_brand":[],"product_cat":[143],"product_tag":[],"class_list":{"0":"post-12881","1":"product","2":"type-product","3":"status-publish","4":"has-post-thumbnail","6":"product_cat-vetikatorje","8":"first","9":"outofstock","10":"taxable","11":"shipping-taxable","12":"purchasable","13":"product-type-simple"},"supplier_id":null,"supplier_sku":"","barcode":null,"atum_controlled":true,"out_stock_date":null,"out_stock_threshold":null,"inheritable":false,"inbound_stock":0,"stock_on_hold":0,"sold_today":0,"sales_last_days":0,"reserved_stock":0,"customer_returns":0,"warehouse_damage":0,"lost_in_post":0,"other_logs":0,"out_stock_days":0,"lost_sales":0,"has_location":false,"update_date":"2026-04-18T00:46:28","atum_locations":[],"atum_stock_status":"outofstock","restock_status":false,"low_stock_amount":"","sales_update_date":"2026-04-18T00:46:28","calc_backorders":null,"_links":{"self":[{"href":"https:\/\/akvaariumid.eu\/ru\/wp-json\/wp\/v2\/product\/12881","targetHints":{"allow":["GET"]}}],"collection":[{"href":"https:\/\/akvaariumid.eu\/ru\/wp-json\/wp\/v2\/product"}],"about":[{"href":"https:\/\/akvaariumid.eu\/ru\/wp-json\/wp\/v2\/types\/product"}],"wp:featuredmedia":[{"embeddable":true,"href":"https:\/\/akvaariumid.eu\/ru\/wp-json\/wp\/v2\/media\/12916"}],"wp:attachment":[{"href":"https:\/\/akvaariumid.eu\/ru\/wp-json\/wp\/v2\/media?parent=12881"}],"wp:term":[{"taxonomy":"product_brand","embeddable":true,"href":"https:\/\/akvaariumid.eu\/ru\/wp-json\/wp\/v2\/product_brand?post=12881"},{"taxonomy":"product_cat","embeddable":true,"href":"https:\/\/akvaariumid.eu\/ru\/wp-json\/wp\/v2\/product_cat?post=12881"},{"taxonomy":"product_tag","embeddable":true,"href":"https:\/\/akvaariumid.eu\/ru\/wp-json\/wp\/v2\/product_tag?post=12881"}],"curies":[{"name":"wp","href":"https:\/\/api.w.org\/{rel}","templated":true}]}}