{"id":12823,"date":"2022-05-21T17:44:36","date_gmt":"2022-05-21T17:44:36","guid":{"rendered":"https:\/\/uus.akvaariumid.eu\/?post_type=product&#038;p=12823"},"modified":"2022-05-21T17:45:08","modified_gmt":"2022-05-21T17:45:08","slug":"easy-life-easycarbo-100ml","status":"publish","type":"product","link":"https:\/\/akvaariumid.eu\/ru\/product\/easy-life-easycarbo-100ml\/","title":{"rendered":"Easy-Life EasyCarbo 100ml"},"content":{"rendered":"<p>EasyCarbo<br \/>\nS\u00fcsinik on oluline taimede lopsakaks kasvuks<span class=\"text_exposed_show\"><br \/>\nEasyCarbo on akvaariumitaimedele v\u00e4ga v\u00f5imas ja t\u00f5hus s\u00fcsinikuallikas. Peale selle v\u00f5itleb see aktiivselt vetikate kasvu vastu ja ennetab seda.<br \/>\nS\u00fcsinik (vees lahustunud s\u00fcsihappegaasi kujul) on \u00fcks k\u00f5ige olulisemaid toitained taimede optimaalseks kasvuks. Kui s\u00fcsinikku on v\u00e4he, ei suuda taimed optimaalselt kohaneda ja kasvada. S\u00fcsinikuvaeguse t\u00f5ttu peatub taimede kasv ja nad ei suuda enam toitainete p\u00e4rast vetikatega v\u00f5istelda. Kui s\u00fcsinikuvaegus kestab liiga kaua, hakkavad taimed eraldama suhkruid ja teisi toitaineid, mis meeldivad vetikatele. Selle tulemusel kattuvad lehed vetikatega ja ei n\u00e4e enam kenad v\u00e4lja. EasyCarbo lahendab selle probleemi. Umbes kaks n\u00e4dalat p\u00e4rast EasyCarbo kasutamist hakkavad taimed silmn\u00e4htavalt paremini kasvama ja n\u00e4evad paremad v\u00e4lja. Eriti kehtib see sootaimede kohta (Cryptocoryne sp., Echinodorus sp. jne). Kuna v\u00f5itlus toitainete p\u00e4rast \u00e4geneb, ei suuda vetikad ellu j\u00e4\u00e4da ja kaovad enamasti \u00fcldse \u00e4ra.<br \/>\nProFito ja EasyCarbo koos kasutamine teeb head.<br \/>\nTaimed ei vaja ainult s\u00fcsinikku. Ka mikroelemendid on t\u00e4htsad. Kuna nende olemasolu ei ole v\u00f5imalik t\u00e4pselt m\u00f5\u00f5ta ja seet\u00f5ttu me ei tea, milliseid mikroelemente vesi sisaldab, siis on ProFito parim lahendus vee rikastamiseks k\u00f5ikide vajalike mikroelementidega.<\/span><\/p>\n","protected":false},"excerpt":{"rendered":"<p>EasyCarbo S\u00fcsinik on oluline taimede lopsakaks kasvuks EasyCarbo on akvaariumitaimedele v\u00e4ga v\u00f5imas ja t\u00f5hus s\u00fcsinikuallikas. Peale selle v\u00f5itleb see aktiivselt vetikate kasvu vastu ja ennetab seda. S\u00fcsinik (vees lahustunud s\u00fcsihappegaasi kujul) on \u00fcks k\u00f5ige olulisemaid toitained taimede optimaalseks kasvuks. Kui s\u00fcsinikku on v\u00e4he, ei suuda taimed optimaalselt kohaneda ja kasvada. S\u00fcsinikuvaeguse t\u00f5ttu peatub taimede kasv [&hellip;]<\/p>\n","protected":false},"featured_media":12871,"template":"","meta":[],"product_brand":[],"product_cat":[130],"product_tag":[],"class_list":{"0":"post-12823","1":"product","2":"type-product","3":"status-publish","4":"has-post-thumbnail","6":"product_cat-vaetised","8":"first","9":"outofstock","10":"taxable","11":"shipping-taxable","12":"purchasable","13":"product-type-simple"},"supplier_id":null,"supplier_sku":"","barcode":null,"atum_controlled":true,"out_stock_date":null,"out_stock_threshold":null,"inheritable":false,"inbound_stock":0,"stock_on_hold":0,"sold_today":0,"sales_last_days":0,"reserved_stock":0,"customer_returns":0,"warehouse_damage":0,"lost_in_post":0,"other_logs":0,"out_stock_days":0,"lost_sales":0,"has_location":false,"update_date":"2026-04-18T00:46:28","atum_locations":[],"atum_stock_status":"outofstock","restock_status":false,"low_stock_amount":"","sales_update_date":"2026-04-18T00:46:28","calc_backorders":null,"_links":{"self":[{"href":"https:\/\/akvaariumid.eu\/ru\/wp-json\/wp\/v2\/product\/12823","targetHints":{"allow":["GET"]}}],"collection":[{"href":"https:\/\/akvaariumid.eu\/ru\/wp-json\/wp\/v2\/product"}],"about":[{"href":"https:\/\/akvaariumid.eu\/ru\/wp-json\/wp\/v2\/types\/product"}],"wp:featuredmedia":[{"embeddable":true,"href":"https:\/\/akvaariumid.eu\/ru\/wp-json\/wp\/v2\/media\/12871"}],"wp:attachment":[{"href":"https:\/\/akvaariumid.eu\/ru\/wp-json\/wp\/v2\/media?parent=12823"}],"wp:term":[{"taxonomy":"product_brand","embeddable":true,"href":"https:\/\/akvaariumid.eu\/ru\/wp-json\/wp\/v2\/product_brand?post=12823"},{"taxonomy":"product_cat","embeddable":true,"href":"https:\/\/akvaariumid.eu\/ru\/wp-json\/wp\/v2\/product_cat?post=12823"},{"taxonomy":"product_tag","embeddable":true,"href":"https:\/\/akvaariumid.eu\/ru\/wp-json\/wp\/v2\/product_tag?post=12823"}],"curies":[{"name":"wp","href":"https:\/\/api.w.org\/{rel}","templated":true}]}}