{"id":12819,"date":"2022-05-21T17:44:36","date_gmt":"2022-05-21T17:44:36","guid":{"rendered":"https:\/\/uus.akvaariumid.eu\/?post_type=product&#038;p=12819"},"modified":"2022-05-21T17:45:03","modified_gmt":"2022-05-21T17:45:03","slug":"easy-life-easystart-100ml","status":"publish","type":"product","link":"https:\/\/akvaariumid.eu\/ru\/product\/easy-life-easystart-100ml\/","title":{"rendered":"Easy-Life EasyStart  100ml"},"content":{"rendered":"<p>EasyStart<span class=\"text_exposed_show\"><br \/>\nMuudab akvaariumivee kaladele sobivaks<br \/>\nEasyStart on filter. Selle eesm\u00e4rk on vesi kiiresti puhastada ja stabiliseerida uue magevee- v\u00f5i mereveeakvaariumi veeringes, et see oleks kaladele sobiv.<br \/>\nEasyStart on ainulaadne \u00fcliaktiivsete bakterikultuuride kogum. Ainulaadne bakterikandja tagab kasulike bakterite kiirema paljunemise, et v\u00e4ltida n\u00e4iteks m\u00fcrgise nitriti teket. Samuti aitab toode v\u00e4hendada kahjulike bakterite toimet ja eemaldab veest raskemetallid ja muud keemilised saasteained. Tulemus on tervisliku keskkonnaga akvaarium elur\u00f5\u00f5msate ja kirkat v\u00e4rvi kaladega.<\/span><\/p>\n<p>Kogused pakendites<br \/>\n100 ml \u2013 250 ml \u2013 500 ml<br \/>\nSoovitused KASUTAMISEKS<br \/>\nEsimesel p\u00e4eval \u2013 t\u00e4isannus<br \/>\nN\u00e4dala p\u00e4rast \u2013 t\u00e4isannus<br \/>\nEdasisel kasutamisel \u2013 tavap\u00e4rane hooldusprogramm<br \/>\nNitriti taseme t\u00f5usu ennetamiseks. M\u00f5\u00f5tke nitriti taset<\/p>\n","protected":false},"excerpt":{"rendered":"<p>EasyStart Muudab akvaariumivee kaladele sobivaks EasyStart on filter. Selle eesm\u00e4rk on vesi kiiresti puhastada ja stabiliseerida uue magevee- v\u00f5i mereveeakvaariumi veeringes, et see oleks kaladele sobiv. EasyStart on ainulaadne \u00fcliaktiivsete bakterikultuuride kogum. Ainulaadne bakterikandja tagab kasulike bakterite kiirema paljunemise, et v\u00e4ltida n\u00e4iteks m\u00fcrgise nitriti teket. Samuti aitab toode v\u00e4hendada kahjulike bakterite toimet ja eemaldab veest [&hellip;]<\/p>\n","protected":false},"featured_media":12863,"template":"","meta":[],"product_brand":[],"product_cat":[142],"product_tag":[],"class_list":{"0":"post-12819","1":"product","2":"type-product","3":"status-publish","4":"has-post-thumbnail","6":"product_cat-veekonditsioneerid","8":"first","9":"outofstock","10":"taxable","11":"shipping-taxable","12":"purchasable","13":"product-type-simple"},"supplier_id":null,"supplier_sku":"","barcode":null,"atum_controlled":true,"out_stock_date":null,"out_stock_threshold":null,"inheritable":false,"inbound_stock":0,"stock_on_hold":0,"sold_today":0,"sales_last_days":0,"reserved_stock":0,"customer_returns":0,"warehouse_damage":0,"lost_in_post":0,"other_logs":0,"out_stock_days":0,"lost_sales":0,"has_location":false,"update_date":"2026-04-18T00:46:28","atum_locations":[],"atum_stock_status":"outofstock","restock_status":false,"low_stock_amount":"","sales_update_date":"2026-04-18T00:46:28","calc_backorders":null,"_links":{"self":[{"href":"https:\/\/akvaariumid.eu\/ru\/wp-json\/wp\/v2\/product\/12819","targetHints":{"allow":["GET"]}}],"collection":[{"href":"https:\/\/akvaariumid.eu\/ru\/wp-json\/wp\/v2\/product"}],"about":[{"href":"https:\/\/akvaariumid.eu\/ru\/wp-json\/wp\/v2\/types\/product"}],"wp:featuredmedia":[{"embeddable":true,"href":"https:\/\/akvaariumid.eu\/ru\/wp-json\/wp\/v2\/media\/12863"}],"wp:attachment":[{"href":"https:\/\/akvaariumid.eu\/ru\/wp-json\/wp\/v2\/media?parent=12819"}],"wp:term":[{"taxonomy":"product_brand","embeddable":true,"href":"https:\/\/akvaariumid.eu\/ru\/wp-json\/wp\/v2\/product_brand?post=12819"},{"taxonomy":"product_cat","embeddable":true,"href":"https:\/\/akvaariumid.eu\/ru\/wp-json\/wp\/v2\/product_cat?post=12819"},{"taxonomy":"product_tag","embeddable":true,"href":"https:\/\/akvaariumid.eu\/ru\/wp-json\/wp\/v2\/product_tag?post=12819"}],"curies":[{"name":"wp","href":"https:\/\/api.w.org\/{rel}","templated":true}]}}