{"id":12816,"date":"2022-05-21T17:44:36","date_gmt":"2022-05-21T17:44:36","guid":{"rendered":"https:\/\/uus.akvaariumid.eu\/?post_type=product&#038;p=12816"},"modified":"2022-05-21T17:44:59","modified_gmt":"2022-05-21T17:44:59","slug":"easy-life-profito-100ml","status":"publish","type":"product","link":"https:\/\/akvaariumid.eu\/ru\/product\/easy-life-profito-100ml\/","title":{"rendered":"Easy-Life ProFito 100ml"},"content":{"rendered":"<p>Universaalne taimev\u00e4etis<br \/>\nEasy-Life ProFito on k\u00f5ik-\u00fches universaalne taimev\u00e4etis, mis sobib k\u00f5ikidele akvaariumis kasvavatele veetaimedele. ProFito koostis tagab taimede tugeva, terve ja lopsaka kasvamise. T\u00e4nu koostisainete optimaalsele suhtele saavad taimed k\u00f5ik, mis on nende takistamatu, tugeva ja lopsaka kasvu jaoks vajalik.<\/p>\n<p>Toote kasutegurid<\/p>\n<p>\u2022 suure kontsentratsiooniga k\u00f5ik-\u00fches universaalne taimev\u00e4etis<br \/>\n\u2022 \u00fcks toode sisaldab k\u00f5iki vajalik toitained, nagu raud, kaalium ja mangaan<br \/>\n\u2022 tugev, terve ja lopsakas taimede kasv<br \/>\n\u2022 soodustab ts\u00fctokiniinide teket, mis ergutavad rakkude pooldumist<br \/>\n\u2022 lehed muutuvad laiemaks ja v\u00e4rvid on tugevamad<br \/>\n\u2022 parandab ja toetab bioloogilist tasakaalu akvaariumis<br \/>\n\u2022 ei sisalda nitraate ega fosfaate<br \/>\n\u2022 \u00e4\u00e4rmiselt rahakotis\u00f5bralik<\/p>\n<p>ProFito ergutab rakkude pooldumist<\/p>\n<p>Eelk\u00f5ige raua, kaaliumi ja magneesiumi suur sisaldus ProFitos rahuldab taimede vajadust imada neid toitaineid suures koguses. V\u00e4etis sisaldab palju mikrotoitained (sh mangaan, boor, koobalt, liitium, mol\u00fcbdeen, vask, tina, nikkel, floor, jood, alumiinium, tsink, seleen ja vanaadium). Need ained ja neile lisatud teatavad haruldased mineraaltoitained annavad taimedele t\u00e4pselt k\u00f5ike seda, mida nad vajavad muretuks kasvuks. Taimi ergutatakse tootma ts\u00fctokiniiine (taimehormoone), mis soodustavad<\/p>\n","protected":false},"excerpt":{"rendered":"<p>Universaalne taimev\u00e4etis Easy-Life ProFito on k\u00f5ik-\u00fches universaalne taimev\u00e4etis, mis sobib k\u00f5ikidele akvaariumis kasvavatele veetaimedele. ProFito koostis tagab taimede tugeva, terve ja lopsaka kasvamise. T\u00e4nu koostisainete optimaalsele suhtele saavad taimed k\u00f5ik, mis on nende takistamatu, tugeva ja lopsaka kasvu jaoks vajalik. Toote kasutegurid \u2022 suure kontsentratsiooniga k\u00f5ik-\u00fches universaalne taimev\u00e4etis \u2022 \u00fcks toode sisaldab k\u00f5iki vajalik toitained, [&hellip;]<\/p>\n","protected":false},"featured_media":12857,"template":"","meta":[],"product_brand":[],"product_cat":[130],"product_tag":[],"class_list":{"0":"post-12816","1":"product","2":"type-product","3":"status-publish","4":"has-post-thumbnail","6":"product_cat-vaetised","8":"first","9":"outofstock","10":"taxable","11":"shipping-taxable","12":"purchasable","13":"product-type-simple"},"supplier_id":null,"supplier_sku":"","barcode":null,"atum_controlled":true,"out_stock_date":null,"out_stock_threshold":null,"inheritable":false,"inbound_stock":0,"stock_on_hold":0,"sold_today":0,"sales_last_days":0,"reserved_stock":0,"customer_returns":0,"warehouse_damage":0,"lost_in_post":0,"other_logs":0,"out_stock_days":0,"lost_sales":0,"has_location":false,"update_date":"2026-04-18T00:46:28","atum_locations":[],"atum_stock_status":"outofstock","restock_status":false,"low_stock_amount":"","sales_update_date":"2026-04-18T00:46:28","calc_backorders":null,"_links":{"self":[{"href":"https:\/\/akvaariumid.eu\/ru\/wp-json\/wp\/v2\/product\/12816","targetHints":{"allow":["GET"]}}],"collection":[{"href":"https:\/\/akvaariumid.eu\/ru\/wp-json\/wp\/v2\/product"}],"about":[{"href":"https:\/\/akvaariumid.eu\/ru\/wp-json\/wp\/v2\/types\/product"}],"wp:featuredmedia":[{"embeddable":true,"href":"https:\/\/akvaariumid.eu\/ru\/wp-json\/wp\/v2\/media\/12857"}],"wp:attachment":[{"href":"https:\/\/akvaariumid.eu\/ru\/wp-json\/wp\/v2\/media?parent=12816"}],"wp:term":[{"taxonomy":"product_brand","embeddable":true,"href":"https:\/\/akvaariumid.eu\/ru\/wp-json\/wp\/v2\/product_brand?post=12816"},{"taxonomy":"product_cat","embeddable":true,"href":"https:\/\/akvaariumid.eu\/ru\/wp-json\/wp\/v2\/product_cat?post=12816"},{"taxonomy":"product_tag","embeddable":true,"href":"https:\/\/akvaariumid.eu\/ru\/wp-json\/wp\/v2\/product_tag?post=12816"}],"curies":[{"name":"wp","href":"https:\/\/api.w.org\/{rel}","templated":true}]}}