{"id":12647,"date":"2022-05-21T17:04:22","date_gmt":"2022-05-21T17:04:22","guid":{"rendered":"https:\/\/uus.akvaariumid.eu\/?post_type=product&#038;p=12647"},"modified":"2022-05-21T17:44:50","modified_gmt":"2022-05-21T17:44:50","slug":"vaike-aed","status":"publish","type":"product","link":"https:\/\/akvaariumid.eu\/ru\/product\/vaike-aed\/","title":{"rendered":"V\u00e4ike aed"},"content":{"rendered":"<p>V\u00e4ike aed plastikust akvaariumi dekoreerimiseks<\/p>\n<p>k\u00f5rgus 2.5 sm lajus 15sm<\/p>\n<p>Sobib dekoreerida p\u00f5hjakruus<\/p>\n","protected":false},"excerpt":{"rendered":"<p>V\u00e4ike aed plastikust akvaariumi dekoreerimiseks k\u00f5rgus 2.5 sm lajus 15sm Sobib dekoreerida p\u00f5hjakruus<\/p>\n","protected":false},"featured_media":12835,"template":"","meta":[],"product_brand":[],"product_cat":[139],"product_tag":[],"class_list":{"0":"post-12647","1":"product","2":"type-product","3":"status-publish","4":"has-post-thumbnail","6":"product_cat-kaunistused","8":"first","9":"instock","10":"taxable","11":"shipping-taxable","12":"purchasable","13":"product-type-simple"},"supplier_id":null,"supplier_sku":"","barcode":null,"atum_controlled":true,"out_stock_date":null,"out_stock_threshold":null,"inheritable":false,"inbound_stock":0,"stock_on_hold":0,"sold_today":0,"sales_last_days":0,"reserved_stock":0,"customer_returns":0,"warehouse_damage":0,"lost_in_post":0,"other_logs":0,"out_stock_days":0,"lost_sales":0,"has_location":false,"update_date":"2026-04-18T00:46:28","atum_locations":[],"atum_stock_status":"instock","restock_status":false,"low_stock_amount":"","sales_update_date":"2026-04-18T00:46:28","calc_backorders":null,"_links":{"self":[{"href":"https:\/\/akvaariumid.eu\/ru\/wp-json\/wp\/v2\/product\/12647","targetHints":{"allow":["GET"]}}],"collection":[{"href":"https:\/\/akvaariumid.eu\/ru\/wp-json\/wp\/v2\/product"}],"about":[{"href":"https:\/\/akvaariumid.eu\/ru\/wp-json\/wp\/v2\/types\/product"}],"wp:featuredmedia":[{"embeddable":true,"href":"https:\/\/akvaariumid.eu\/ru\/wp-json\/wp\/v2\/media\/12835"}],"wp:attachment":[{"href":"https:\/\/akvaariumid.eu\/ru\/wp-json\/wp\/v2\/media?parent=12647"}],"wp:term":[{"taxonomy":"product_brand","embeddable":true,"href":"https:\/\/akvaariumid.eu\/ru\/wp-json\/wp\/v2\/product_brand?post=12647"},{"taxonomy":"product_cat","embeddable":true,"href":"https:\/\/akvaariumid.eu\/ru\/wp-json\/wp\/v2\/product_cat?post=12647"},{"taxonomy":"product_tag","embeddable":true,"href":"https:\/\/akvaariumid.eu\/ru\/wp-json\/wp\/v2\/product_tag?post=12647"}],"curies":[{"name":"wp","href":"https:\/\/api.w.org\/{rel}","templated":true}]}}