{"id":18006,"date":"2023-02-20T13:19:18","date_gmt":"2023-02-20T11:19:18","guid":{"rendered":"https:\/\/akvaariumid.eu\/%d0%be%d0%b1%d1%81%d0%bb%d1%83%d0%b6%d0%b8%d0%b2%d0%b0%d0%bd%d0%b8%d0%b5\/"},"modified":"2026-04-11T14:18:06","modified_gmt":"2026-04-11T11:18:06","slug":"%d0%be%d0%b1%d1%81%d0%bb%d1%83%d0%b6%d0%b8%d0%b2%d0%b0%d0%bd%d0%b8%d0%b5","status":"publish","type":"page","link":"https:\/\/akvaariumid.eu\/ru\/%d0%be%d0%b1%d1%81%d0%bb%d1%83%d0%b6%d0%b8%d0%b2%d0%b0%d0%bd%d0%b8%d0%b5\/","title":{"rendered":"\u041e\u0431\u0441\u043b\u0443\u0436\u0438\u0432\u0430\u043d\u0438\u0435"},"content":{"rendered":"<div class=\"wpb-content-wrapper\"><p>[vc_row][vc_column width=&#8221;1\/2&#8243;][vc_column_text css=&#8221;&#8221;]Akvaarium Pluss \u043f\u0440\u0435\u0434\u043b\u0430\u0433\u0430\u0435\u0442 \u043f\u0440\u043e\u0444\u0435\u0441\u0441\u0438\u043e\u043d\u0430\u043b\u044c\u043d\u043e\u0435 \u043e\u0431\u0441\u043b\u0443\u0436\u0438\u0432\u0430\u043d\u0438\u0435 \u043f\u0440\u0435\u0441\u043d\u043e\u0432\u043e\u0434\u043d\u044b\u0445 \u0430\u043a\u0432\u0430\u0440\u0438\u0443\u043c\u043e\u0432. \u041d\u0430\u0448\u0438 \u0441\u043e\u0442\u0440\u0443\u0434\u043d\u0438\u043a\u0438 \u0438\u043c\u0435\u044e\u0442 \u0431\u043e\u043b\u0435\u0435 \u0447\u0435\u043c 30-\u043b\u0435\u0442\u043d\u0438\u0439 \u043e\u043f\u044b\u0442 \u0440\u0430\u0431\u043e\u0442\u044b \u0438 \u043c\u043e\u0433\u0443\u0442 \u0442\u043e\u0447\u043d\u043e \u0438 \u0431\u0435\u0437\u043e\u0448\u0438\u0431\u043e\u0447\u043d\u043e \u043e\u0446\u0435\u043d\u0438\u0442\u044c \u0441\u043e\u0441\u0442\u043e\u044f\u043d\u0438\u0435 \u0432\u0430\u0448\u0435\u0433\u043e \u0430\u043a\u0432\u0430\u0440\u0438\u0443\u043c\u0430 \u0438 \u043f\u043e\u043c\u043e\u0447\u044c \u043f\u043e\u0434\u0434\u0435\u0440\u0436\u0438\u0432\u0430\u0442\u044c \u0435\u0433\u043e \u0432 \u0438\u0434\u0435\u0430\u043b\u044c\u043d\u043e\u043c \u0441\u043e\u0441\u0442\u043e\u044f\u043d\u0438\u0438.<\/p>\n<p>\u041c\u044b \u043f\u0440\u0435\u0434\u043b\u0430\u0433\u0430\u0435\u043c \u0441\u043b\u0435\u0434\u0443\u044e\u0449\u0438\u0435 \u0443\u0441\u043b\u0443\u0433\u0438:<\/p>\n<ul>\n<li><span class=\"wpcf7-list-item first\"><label><span class=\"wpcf7-list-item-label\">\u0447\u0438\u0441\u0442\u043a\u0430 \u0433\u0440\u0443\u043d\u0442\u0430 \u0430\u043a\u0432\u0430\u0440\u0438\u0443\u043c\u0430 \u0438 \u043f\u043e\u0434\u043c\u0435\u043d\u0430 \u0432\u043e\u0434\u044b<\/span><\/label><\/span><\/li>\n<li><span class=\"wpcf7-list-item\"><label><span class=\"wpcf7-list-item-label\">\u043e\u0447\u0438\u0441\u0442\u043a\u0430 \u0444\u0438\u043b\u044c\u0442\u0440\u0443\u044e\u0449\u0435\u0439 \u0441\u0438\u0441\u0442\u0435\u043c\u044b<\/span><\/label><\/span><\/li>\n<li><span class=\"wpcf7-list-item\"><label><span class=\"wpcf7-list-item-label\">\u0438\u0437\u043c\u0435\u0440\u0435\u043d\u0438\u0435 \u043f\u0430\u0440\u0430\u043c\u0435\u0442\u0440\u043e\u0432 \u0432\u043e\u0434\u044b<\/span><\/label><\/span><\/li>\n<li><span class=\"wpcf7-list-item\"><label><span class=\"wpcf7-list-item-label\">\u0442\u0435\u0445\u043d\u0438\u0447\u0435\u0441\u043a\u043e\u0435 \u043e\u0431\u0441\u043b\u0443\u0436\u0438\u0432\u0430\u043d\u0438\u0435 \u0438 \u0447\u0438\u0441\u0442\u043a\u0430 \u0434\u0440\u0443\u0433\u043e\u0433\u043e \u0430\u043a\u0432\u0430\u0440\u0438\u0443\u043c\u043d\u043e\u0433\u043e \u043e\u0431\u043e\u0440\u0443\u0434\u043e\u0432\u0430\u043d\u0438\u044f<\/span><\/label><\/span><\/li>\n<\/ul>\n<p>\u0414\u043e\u043f\u043e\u043b\u043d\u0438\u0442\u0435\u043b\u044c\u043d\u044b\u0435 \u0443\u0441\u043b\u0443\u0433\u0438 \u0438 \u043e\u0441\u043e\u0431\u044b\u0435 \u043f\u043e\u0436\u0435\u043b\u0430\u043d\u0438\u044f \u0432\u043e\u0437\u043c\u043e\u0436\u043d\u043e \u0443\u0442\u043e\u0447\u043d\u0438\u0442\u044c \u043e\u0442\u0434\u0435\u043b\u044c\u043d\u043e.<\/p>\n<p>\u041e\u0431\u044a\u0435\u043c, \u043f\u0435\u0440\u0438\u043e\u0434\u0438\u0447\u043d\u043e\u0441\u0442\u044c \u0438 \u0446\u0435\u043d\u0430 \u043e\u0431\u0441\u043b\u0443\u0436\u0438\u0432\u0430\u043d\u0438\u044f \u0437\u0430\u0432\u0438\u0441\u044f\u0442 \u043e\u0442 \u0441\u043e\u0441\u0442\u043e\u044f\u043d\u0438\u044f \u0438 \u0440\u0430\u0437\u043c\u0435\u0440\u043e\u0432 \u0430\u043a\u0432\u0430\u0440\u0438\u0443\u043c\u0430.<\/p>\n<p>\u0427\u0442\u043e\u0431\u044b \u043e\u0442\u043f\u0440\u0430\u0432\u0438\u0442\u044c \u0437\u0430\u043f\u0440\u043e\u0441 \u043d\u0430 \u0446\u0435\u043d\u0443, \u0437\u0430\u043f\u043e\u043b\u043d\u0438\u0442\u0435 \u0441\u043e\u043e\u0442\u0432\u0435\u0442\u0441\u0442\u0432\u0443\u044e\u0449\u0443\u044e \u0444\u043e\u0440\u043c\u0443 \u0438\u043b\u0438 \u043e\u0442\u043f\u0440\u0430\u0432\u044c\u0442\u0435 \u044d\u043b\u0435\u043a\u0442\u0440\u043e\u043d\u043d\u043e\u0435 \u043f\u0438\u0441\u044c\u043c\u043e \u043f\u043e \u0430\u0434\u0440\u0435\u0441\u0443 albert@akvaariumid.eu[\/vc_column_text][vc_gallery type=&#8221;image_grid&#8221; images=&#8221;17987,17989,17991,17993,17995,17997,17999,18001,18003&#8243;][\/vc_column][vc_column width=&#8221;1\/2&#8243;][vc_column_text]<\/p>\n<h3>\u0417\u0430\u043f\u0440\u043e\u0441 \u0446\u0435\u043d\u044b \u043d\u0430 \u043e\u0431\u0441\u043b\u0443\u0436\u0438\u0432\u0430\u043d\u0438\u0435 \u0430\u043a\u0432\u0430\u0440\u0438\u0443\u043c\u0430<\/h3>\n<hr>\n<p>[\/vc_column_text]\n<div class=\"wpcf7 no-js\" id=\"wpcf7-f17972-o1\" lang=\"en-US\" dir=\"ltr\" data-wpcf7-id=\"17972\">\n<div class=\"screen-reader-response\"><p role=\"status\" aria-live=\"polite\" aria-atomic=\"true\"><\/p> <ul><\/ul><\/div>\n<form action=\"\/ru\/wp-json\/wp\/v2\/pages\/18006#wpcf7-f17972-o1\" method=\"post\" class=\"wpcf7-form init\" aria-label=\"Contact form\" enctype=\"multipart\/form-data\" novalidate=\"novalidate\" data-status=\"init\">\n<fieldset class=\"hidden-fields-container\"><input type=\"hidden\" name=\"_wpcf7\" value=\"17972\" \/><input type=\"hidden\" name=\"_wpcf7_version\" value=\"6.1.5\" \/><input type=\"hidden\" name=\"_wpcf7_locale\" value=\"en_US\" \/><input type=\"hidden\" name=\"_wpcf7_unit_tag\" value=\"wpcf7-f17972-o1\" \/><input type=\"hidden\" name=\"_wpcf7_container_post\" value=\"0\" \/><input type=\"hidden\" name=\"_wpcf7_posted_data_hash\" value=\"\" \/>\n<\/fieldset>\n<div class=\"contact-form\">\n\t<p style=\"font-size:1.3em\"><b><u>Tellija andmed<\/u><\/b>\n\t<\/p>\n\t<p><span class=\"wpcf7-form-control-wrap\" data-name=\"your-name\"><input size=\"40\" maxlength=\"400\" class=\"wpcf7-form-control wpcf7-text wpcf7-validates-as-required\" aria-required=\"true\" aria-invalid=\"false\" placeholder=\"Nimi\" value=\"\" type=\"text\" name=\"your-name\" \/><\/span>\n\t<\/p>\n\t<p><span class=\"wpcf7-form-control-wrap\" data-name=\"your-email\"><input size=\"40\" maxlength=\"400\" class=\"wpcf7-form-control wpcf7-email wpcf7-validates-as-required wpcf7-text wpcf7-validates-as-email\" aria-required=\"true\" aria-invalid=\"false\" placeholder=\"Email\" value=\"\" type=\"email\" name=\"your-email\" \/><\/span>\n\t<\/p>\n\t<p><span class=\"wpcf7-form-control-wrap\" data-name=\"your-phone\"><input size=\"40\" maxlength=\"400\" class=\"wpcf7-form-control wpcf7-tel wpcf7-validates-as-required wpcf7-text wpcf7-validates-as-tel\" aria-required=\"true\" aria-invalid=\"false\" placeholder=\"Telefon\" value=\"\" type=\"tel\" name=\"your-phone\" \/><\/span>\n\t<\/p>\n\t<p><span class=\"wpcf7-form-control-wrap\" data-name=\"your-address\"><input size=\"40\" maxlength=\"400\" class=\"wpcf7-form-control wpcf7-text wpcf7-validates-as-required\" aria-required=\"true\" aria-invalid=\"false\" placeholder=\"Aadress\" value=\"\" type=\"text\" name=\"your-address\" \/><\/span>\n\t<\/p>\n\t<p style=\"font-size:1.3em\"><b><u>Akvaarium<\/u><\/b>\n\t<\/p>\n\t<p><span class=\"wpcf7-form-control-wrap\" data-name=\"radio-190\"><span class=\"wpcf7-form-control wpcf7-radio\"><span class=\"wpcf7-list-item first last\"><label><input type=\"radio\" name=\"radio-190\" value=\"Mageveeakvaarium\" checked=\"checked\" \/><span class=\"wpcf7-list-item-label\">Mageveeakvaarium<\/span><\/label><\/span><\/span><\/span>\n\t<\/p>\n\t<p><b>M\u00f5\u00f5dud v\u00f5i akvaariumi mudel:<\/b>\n\t<\/p>\n\t<p><span class=\"wpcf7-form-control-wrap\" data-name=\"size\"><input size=\"40\" maxlength=\"400\" class=\"wpcf7-form-control wpcf7-text wpcf7-validates-as-required\" aria-required=\"true\" aria-invalid=\"false\" placeholder=\"Pikkus x Laius x K\u00f5rgus (cm)\" value=\"\" type=\"text\" name=\"size\" \/><\/span>\n\t<\/p>\n\t<p style=\"font-size:1.3em\"><b><u>Soovitud teenused<\/u><\/b>\n\t<\/p>\n\t<p><span class=\"wpcf7-form-control-wrap\" data-name=\"teenused\"><span class=\"wpcf7-form-control wpcf7-checkbox wpcf7-validates-as-required\"><span class=\"wpcf7-list-item first\"><label><input type=\"checkbox\" name=\"teenused[]\" value=\"akvaariumi p\u00f5hjapuhastus ja veevahetus\" \/><span class=\"wpcf7-list-item-label\">akvaariumi p\u00f5hjapuhastus ja veevahetus<\/span><\/label><\/span><span class=\"wpcf7-list-item\"><label><input type=\"checkbox\" name=\"teenused[]\" value=\"filtris\u00fcsteemi puhastamine\" \/><span class=\"wpcf7-list-item-label\">filtris\u00fcsteemi puhastamine<\/span><\/label><\/span><span class=\"wpcf7-list-item\"><label><input type=\"checkbox\" name=\"teenused[]\" value=\"veeparameetrite m\u00f5\u00f5tmine\" \/><span class=\"wpcf7-list-item-label\">veeparameetrite m\u00f5\u00f5tmine<\/span><\/label><\/span><span class=\"wpcf7-list-item\"><label><input type=\"checkbox\" name=\"teenused[]\" value=\"muu akvaariumitehnika hooldus ja puhastus\" \/><span class=\"wpcf7-list-item-label\">muu akvaariumitehnika hooldus ja puhastus<\/span><\/label><\/span><span class=\"wpcf7-list-item last\"><label><input type=\"checkbox\" name=\"teenused[]\" value=\"muu (t\u00e4psustan kirjelduses)\" \/><span class=\"wpcf7-list-item-label\">muu (t\u00e4psustan kirjelduses)<\/span><\/label><\/span><\/span><\/span>\n\t<\/p>\n\t<p><b>Hoolduse sagedus:<\/b>\n\t<\/p>\n\t<p><span class=\"wpcf7-form-control-wrap\" data-name=\"tihedus\"><span class=\"wpcf7-form-control wpcf7-radio\"><span class=\"wpcf7-list-item first\"><label><input type=\"radio\" name=\"tihedus\" value=\"\u00fchekordne\" checked=\"checked\" \/><span class=\"wpcf7-list-item-label\">\u00fchekordne<\/span><\/label><\/span><span class=\"wpcf7-list-item\"><label><input type=\"radio\" name=\"tihedus\" value=\"iga n\u00e4dal\" \/><span class=\"wpcf7-list-item-label\">iga n\u00e4dal<\/span><\/label><\/span><span class=\"wpcf7-list-item\"><label><input type=\"radio\" name=\"tihedus\" value=\"iga 2 n\u00e4dala tagant\" \/><span class=\"wpcf7-list-item-label\">iga 2 n\u00e4dala tagant<\/span><\/label><\/span><span class=\"wpcf7-list-item\"><label><input type=\"radio\" name=\"tihedus\" value=\"iga kuu\" \/><span class=\"wpcf7-list-item-label\">iga kuu<\/span><\/label><\/span><span class=\"wpcf7-list-item last\"><label><input type=\"radio\" name=\"tihedus\" value=\"muu (t\u00e4psustan kirjelduses)\" \/><span class=\"wpcf7-list-item-label\">muu (t\u00e4psustan kirjelduses)<\/span><\/label><\/span><\/span><\/span>\n\t<\/p>\n\t<p><span class=\"wpcf7-form-control-wrap\" data-name=\"your-message\"><textarea cols=\"40\" rows=\"10\" maxlength=\"2000\" class=\"wpcf7-form-control wpcf7-textarea\" aria-invalid=\"false\" placeholder=\"T\u00e4psustav kirjeldus\" name=\"your-message\"><\/textarea><\/span>\n\t<\/p>\n\t<p style=\"font-size:1.3em\"><b><u>Lisa akvaariumi pilte<\/u><\/b>\n\t<\/p>\n\t<p><span class=\"wpcf7-form-control-wrap\" data-name=\"tank-image1\"><input size=\"40\" class=\"wpcf7-form-control wpcf7-file\" accept=\"image\/*\" aria-invalid=\"false\" type=\"file\" name=\"tank-image1\" \/><\/span>\n\t<\/p>\n\t<p><span class=\"wpcf7-form-control-wrap\" data-name=\"tank-image2\"><input size=\"40\" class=\"wpcf7-form-control wpcf7-file\" accept=\"image\/*\" aria-invalid=\"false\" type=\"file\" name=\"tank-image2\" \/><\/span>\n\t<\/p>\n\t<p><span class=\"wpcf7-form-control-wrap\" data-name=\"tank-image3\"><input size=\"40\" class=\"wpcf7-form-control wpcf7-file\" accept=\"image\/*\" aria-invalid=\"false\" type=\"file\" name=\"tank-image3\" \/><\/span>\n\t<\/p>\n\t<p><input class=\"wpcf7-form-control wpcf7-submit has-spinner button-primary\" type=\"submit\" value=\"Send\" \/>\n\t<\/p>\n<\/div><p style=\"display: none !important;\" class=\"akismet-fields-container\" data-prefix=\"_wpcf7_ak_\"><label>&#916;<textarea name=\"_wpcf7_ak_hp_textarea\" cols=\"45\" rows=\"8\" maxlength=\"100\"><\/textarea><\/label><input type=\"hidden\" id=\"ak_js_1\" name=\"_wpcf7_ak_js\" value=\"184\"\/><script>document.getElementById( \"ak_js_1\" ).setAttribute( \"value\", ( new Date() ).getTime() );<\/script><\/p><div class=\"wpcf7-response-output\" aria-hidden=\"true\"><\/div>\n<\/form>\n<\/div>\n[\/vc_column][\/vc_row]<\/p>\n<\/div>","protected":false},"excerpt":{"rendered":"<p>[vc_row][vc_column width=&#8221;1\/2&#8243;][vc_column_text css=&#8221;&#8221;]Akvaarium Pluss \u043f\u0440\u0435\u0434\u043b\u0430\u0433\u0430\u0435\u0442 \u043f\u0440\u043e\u0444\u0435\u0441\u0441\u0438\u043e\u043d\u0430\u043b\u044c\u043d\u043e\u0435 \u043e\u0431\u0441\u043b\u0443\u0436\u0438\u0432\u0430\u043d\u0438\u0435 \u043f\u0440\u0435\u0441\u043d\u043e\u0432\u043e\u0434\u043d\u044b\u0445 \u0430\u043a\u0432\u0430\u0440\u0438\u0443\u043c\u043e\u0432. \u041d\u0430\u0448\u0438 \u0441\u043e\u0442\u0440\u0443\u0434\u043d\u0438\u043a\u0438 \u0438\u043c\u0435\u044e\u0442 \u0431\u043e\u043b\u0435\u0435 \u0447\u0435\u043c 30-\u043b\u0435\u0442\u043d\u0438\u0439 \u043e\u043f\u044b\u0442 \u0440\u0430\u0431\u043e\u0442\u044b \u0438 \u043c\u043e\u0433\u0443\u0442 \u0442\u043e\u0447\u043d\u043e \u0438 \u0431\u0435\u0437\u043e\u0448\u0438\u0431\u043e\u0447\u043d\u043e \u043e\u0446\u0435\u043d\u0438\u0442\u044c \u0441\u043e\u0441\u0442\u043e\u044f\u043d\u0438\u0435 \u0432\u0430\u0448\u0435\u0433\u043e \u0430\u043a\u0432\u0430\u0440\u0438\u0443\u043c\u0430 \u0438 \u043f\u043e\u043c\u043e\u0447\u044c \u043f\u043e\u0434\u0434\u0435\u0440\u0436\u0438\u0432\u0430\u0442\u044c \u0435\u0433\u043e \u0432 \u0438\u0434\u0435\u0430\u043b\u044c\u043d\u043e\u043c \u0441\u043e\u0441\u0442\u043e\u044f\u043d\u0438\u0438. \u041c\u044b \u043f\u0440\u0435\u0434\u043b\u0430\u0433\u0430\u0435\u043c \u0441\u043b\u0435\u0434\u0443\u044e\u0449\u0438\u0435 \u0443\u0441\u043b\u0443\u0433\u0438: \u0447\u0438\u0441\u0442\u043a\u0430 \u0433\u0440\u0443\u043d\u0442\u0430 \u0430\u043a\u0432\u0430\u0440\u0438\u0443\u043c\u0430 \u0438 \u043f\u043e\u0434\u043c\u0435\u043d\u0430 \u0432\u043e\u0434\u044b \u043e\u0447\u0438\u0441\u0442\u043a\u0430 \u0444\u0438\u043b\u044c\u0442\u0440\u0443\u044e\u0449\u0435\u0439 \u0441\u0438\u0441\u0442\u0435\u043c\u044b \u0438\u0437\u043c\u0435\u0440\u0435\u043d\u0438\u0435 \u043f\u0430\u0440\u0430\u043c\u0435\u0442\u0440\u043e\u0432 \u0432\u043e\u0434\u044b \u0442\u0435\u0445\u043d\u0438\u0447\u0435\u0441\u043a\u043e\u0435 \u043e\u0431\u0441\u043b\u0443\u0436\u0438\u0432\u0430\u043d\u0438\u0435 \u0438 \u0447\u0438\u0441\u0442\u043a\u0430 \u0434\u0440\u0443\u0433\u043e\u0433\u043e \u0430\u043a\u0432\u0430\u0440\u0438\u0443\u043c\u043d\u043e\u0433\u043e [&hellip;]<\/p>\n","protected":false},"author":2,"featured_media":0,"parent":0,"menu_order":0,"comment_status":"closed","ping_status":"closed","template":"","meta":{"footnotes":""},"class_list":["post-18006","page","type-page","status-publish","hentry"],"rttpg_featured_image_url":null,"rttpg_author":{"display_name":"Akvaariumid","author_link":"https:\/\/akvaariumid.eu\/ru\/author\/akvaariumid\/"},"rttpg_comment":0,"rttpg_category":" <a href=\"https:\/\/akvaariumid.eu\/ru\/?taxonomy=translation_priority&#038;term=%d0%bd%d0%b5%d0%be%d0%b1%d1%8f%d0%b7%d0%b0%d1%82%d0%b5%d0%bb%d1%8c%d0%bd%d1%8b%d0%b9\" rel=\"tag\">\u041d\u0435\u043e\u0431\u044f\u0437\u0430\u0442\u0435\u043b\u044c\u043d\u044b\u0439<\/a>","rttpg_excerpt":"[vc_row][vc_column width=&#8221;1\/2&#8243;][vc_column_text css=&#8221;&#8221;]Akvaarium Pluss \u043f\u0440\u0435\u0434\u043b\u0430\u0433\u0430\u0435\u0442 \u043f\u0440\u043e\u0444\u0435\u0441\u0441\u0438\u043e\u043d\u0430\u043b\u044c\u043d\u043e\u0435 \u043e\u0431\u0441\u043b\u0443\u0436\u0438\u0432\u0430\u043d\u0438\u0435 \u043f\u0440\u0435\u0441\u043d\u043e\u0432\u043e\u0434\u043d\u044b\u0445 \u0430\u043a\u0432\u0430\u0440\u0438\u0443\u043c\u043e\u0432. \u041d\u0430\u0448\u0438 \u0441\u043e\u0442\u0440\u0443\u0434\u043d\u0438\u043a\u0438 \u0438\u043c\u0435\u044e\u0442 \u0431\u043e\u043b\u0435\u0435 \u0447\u0435\u043c 30-\u043b\u0435\u0442\u043d\u0438\u0439 \u043e\u043f\u044b\u0442 \u0440\u0430\u0431\u043e\u0442\u044b \u0438 \u043c\u043e\u0433\u0443\u0442 \u0442\u043e\u0447\u043d\u043e \u0438 \u0431\u0435\u0437\u043e\u0448\u0438\u0431\u043e\u0447\u043d\u043e \u043e\u0446\u0435\u043d\u0438\u0442\u044c \u0441\u043e\u0441\u0442\u043e\u044f\u043d\u0438\u0435 \u0432\u0430\u0448\u0435\u0433\u043e \u0430\u043a\u0432\u0430\u0440\u0438\u0443\u043c\u0430 \u0438 \u043f\u043e\u043c\u043e\u0447\u044c \u043f\u043e\u0434\u0434\u0435\u0440\u0436\u0438\u0432\u0430\u0442\u044c \u0435\u0433\u043e \u0432 \u0438\u0434\u0435\u0430\u043b\u044c\u043d\u043e\u043c \u0441\u043e\u0441\u0442\u043e\u044f\u043d\u0438\u0438. \u041c\u044b \u043f\u0440\u0435\u0434\u043b\u0430\u0433\u0430\u0435\u043c \u0441\u043b\u0435\u0434\u0443\u044e\u0449\u0438\u0435 \u0443\u0441\u043b\u0443\u0433\u0438: \u0447\u0438\u0441\u0442\u043a\u0430 \u0433\u0440\u0443\u043d\u0442\u0430 \u0430\u043a\u0432\u0430\u0440\u0438\u0443\u043c\u0430 \u0438 \u043f\u043e\u0434\u043c\u0435\u043d\u0430 \u0432\u043e\u0434\u044b \u043e\u0447\u0438\u0441\u0442\u043a\u0430 \u0444\u0438\u043b\u044c\u0442\u0440\u0443\u044e\u0449\u0435\u0439 \u0441\u0438\u0441\u0442\u0435\u043c\u044b \u0438\u0437\u043c\u0435\u0440\u0435\u043d\u0438\u0435 \u043f\u0430\u0440\u0430\u043c\u0435\u0442\u0440\u043e\u0432 \u0432\u043e\u0434\u044b \u0442\u0435\u0445\u043d\u0438\u0447\u0435\u0441\u043a\u043e\u0435 \u043e\u0431\u0441\u043b\u0443\u0436\u0438\u0432\u0430\u043d\u0438\u0435 \u0438 \u0447\u0438\u0441\u0442\u043a\u0430 \u0434\u0440\u0443\u0433\u043e\u0433\u043e \u0430\u043a\u0432\u0430\u0440\u0438\u0443\u043c\u043d\u043e\u0433\u043e&hellip;","_links":{"self":[{"href":"https:\/\/akvaariumid.eu\/ru\/wp-json\/wp\/v2\/pages\/18006","targetHints":{"allow":["GET"]}}],"collection":[{"href":"https:\/\/akvaariumid.eu\/ru\/wp-json\/wp\/v2\/pages"}],"about":[{"href":"https:\/\/akvaariumid.eu\/ru\/wp-json\/wp\/v2\/types\/page"}],"author":[{"embeddable":true,"href":"https:\/\/akvaariumid.eu\/ru\/wp-json\/wp\/v2\/users\/2"}],"replies":[{"embeddable":true,"href":"https:\/\/akvaariumid.eu\/ru\/wp-json\/wp\/v2\/comments?post=18006"}],"version-history":[{"count":16,"href":"https:\/\/akvaariumid.eu\/ru\/wp-json\/wp\/v2\/pages\/18006\/revisions"}],"predecessor-version":[{"id":20125,"href":"https:\/\/akvaariumid.eu\/ru\/wp-json\/wp\/v2\/pages\/18006\/revisions\/20125"}],"wp:attachment":[{"href":"https:\/\/akvaariumid.eu\/ru\/wp-json\/wp\/v2\/media?parent=18006"}],"curies":[{"name":"wp","href":"https:\/\/api.w.org\/{rel}","templated":true}]}}