{"id":14550,"date":"2022-05-25T09:57:07","date_gmt":"2022-05-25T06:57:07","guid":{"rendered":"https:\/\/uus.akvaariumid.eu\/%d1%83%d1%81%d0%bb%d0%be%d0%b2%d0%b8%d1%8f\/"},"modified":"2023-02-20T12:45:03","modified_gmt":"2023-02-20T10:45:03","slug":"%d1%83%d1%81%d0%bb%d0%be%d0%b2%d0%b8%d1%8f","status":"publish","type":"page","link":"https:\/\/akvaariumid.eu\/ru\/%d1%83%d1%81%d0%bb%d0%be%d0%b2%d0%b8%d1%8f\/","title":{"rendered":"\u0423\u0441\u043b\u043e\u0432\u0438\u044f"},"content":{"rendered":"<div id=\"mainwrapper\">\n<div class=\"center\">\n<div class=\"maincontent-full\">\n<p>K\u00f5ik hinnad Akvaarium Pluss O\u00dc kodulehel on eurodes ning sisaldavad k\u00e4ibemaksu.<\/p>\n<h2><strong>Tellimuse vormistamine<\/strong><\/h2>\n<p>Vali v\u00e4lja endale meeldiv toode, vajuta nupule \u201cLisa korvi\u201d ja toode lisatakse ostukorvi.<br \/>\nSeej\u00e4rel on v\u00f5imalik j\u00e4tkata teiste toodetega tutvumist, nende lisamist ostukorvi, muuta korvi sisu v\u00f5i alustada maksmist.<\/p>\n<h2><strong>Kauba eest tasumine<\/strong><\/h2>\n<p>Kauba eest tasumiseks mine ostukorvi, mille leiad lehek\u00fcljel paremal men\u00fc\u00fc k\u00f5rval korvi kujutisele vajutades.<br \/>\nVajutades nupule \u201cMaksa\u201d suunatakse lehele, kus tuleb t\u00e4ita \u00e4ra kontaktandmed ja valida endale sobiv tarneviis.<\/p>\n<p>Pane t\u00e4hele: kontaktandmete ja tarneviisi valimisel tuleb olla t\u00e4helepanelik, sest selle informatsiooni \u00f5igsusest ja t\u00e4psusest s\u00f5ltub soovitud toote kiire ja h\u00e4ireteta kohaletoimetamine. Teenuse osutaja ei vastuta t\u00e4itmisel Kliendi poolt esitatud ebakorrektsetest andmetest tingitud tellimuse mittet\u00e4itmise v\u00f5i mistahes sellest tulenevate tagaj\u00e4rgede eest.<br \/>\nKui oled t\u00e4itnud vajalikud lahtrid ja kontrollinud andmed \u00fcle, siis vajuta maksmiseks nuppu \u201cMaksa\u201d, mis asub lehel all paremas nurgas.<br \/>\nPeale nupule \u201cMaksa\u201d vajutamist kuvatakse Makseviisid, kus on pankade loetelu, mille kaudu on v\u00f5imalik tasuda. Tasuda on v\u00f5imalik l\u00e4bi Swedbank ja internetipangakaudu Vali endale sobiv makseviis, mille kaudu soovida tasuda, selleks vajutada panga pildi juures olevat nuppu \u201cMaksa\u201d.<br \/>\nm\u00e4rkida linnuke kasti \u201cOlen tutvunud ja n\u00f5ustun tingimustega\u201d ja vajutada vastava panga logole. Seej\u00e4rel suunatakse panka, kus tuleb kontrollida \u00fcle makseinfo, sooritada makse ja vajutada nuppu \u201cTagasi kaupmehe juurde\u201d. Ostukinnitus saadetakse esitatud e-posti aadressile.<\/p>\n<h2><strong>Kohaletoimetamine<\/strong><\/h2>\n<p>Tellimus toimetatakse kohale Eestis 1-4 t\u00f6\u00f6p\u00e4evaga.<br \/>\nKohaletoimetamise hind s\u00f5ltub ostu \u00fcldkaalust ja gabariitidest.<\/p>\n<p>Kauba kohale j\u00f5udmisest soovitud pakiautomaati, saadetakse paki saaja mobiitelefonile vastavasisuline SMS, milles on kirjas pakiautomaadi ukse avamise kood. Kauba k\u00e4ttesaamiseks tuleb minna pakiautomaadi juurde ja sisestada uksekood vastavalt piires tasuta,v\u00e4lja arvatud pakiautomaadi puutetundliku ekraanil olevatele juhistele.<br \/>\nAlates 50\u20ac tellimusest on transport pakiautomaatidesse Tasuta (v.a. akvaariumid).<\/p>\n<p>Akvaariumi tellimuse kogusummast tasub ostja ise kohaletoimetamise kulud. Kohaletoimetamise hind s\u00f5ltub ostu \u00fcldkaalust ja gabariitidest. S\u00fcsteem arvutab akvaariumi transpordi hinna p\u00e4rast seda, kui olete lisanud soovitud kauba ostukorvi, alustate ostu vormistamisega ning sisestate tarneaadressi. See summa lisatakse Teie tellimuse kogusummale. Kui tellisite akvaariumi kulleriga, palume kauba vastuv\u00f5tmisel kindlasti kontrollida, et pakendil ei oleks v\u00e4liseid vigastusi. Varjatud vigastuste puhul tehke palun v\u00f5imalusel pildid ning saatke pretensioon vigastatud kauba kohta e-postile albert@akvaariumid.eu.<br \/>\nKalu me kahjuks veel posti teel ei saada, neid saab\u00a0 ise valida\u00a0 j\u00e4reletulemisega.<\/p>\n<h2><strong>Kauba tagastamine<\/strong><\/h2>\n<p>1. Ebakvaliteetse toote tuvastamisel (s\u00e4ilimisaja \u00fcletanud v\u00f5i praak), kohustume toote \u00fcmber vahetama kvaliteetse vastu.<br \/>\n2.\u00a0 Kvaliteetset toodet on v\u00f5imalik tagastada 14 kalendrip\u00e4eva jooksul selle ostjale \u00fcleandmisest, kui antud toode on kasutamata, s\u00e4ilinud on tema kaubanduslik v\u00e4limus ja t\u00f6\u00f6omadused ning pakend on terve.<br \/>\n3. Soodushinnaga ja allahinnatud tooted ei kuulu tagastamisele v\u00f5i \u00fcmbervahetamisele.<br \/>\n4. Me ei vastuta toote defektide eest, mis on tekkinud tingituna toote eba\u00f5igest ekspluateerimisest v\u00f5i ostja hooletuse t\u00f5ttu ( mehaaniline vigastus).<\/p>\n<h2><strong>Akvaarium Pluss O\u00dc ei vastuta:<\/strong><\/h2>\n<ul>\n<li>Kliendi s\u00fc\u00fcl v\u00f5i hoolimatusel tekkinud toote kahjustumise eest;<\/li>\n<li>defektide eest, mis on tekkinud toote mittesihip\u00e4rase kasutamise tagaj\u00e4rjel;<\/li>\n<li>toote loomuliku f\u00fc\u00fcsilise kulumise eest tavap\u00e4rase kasutamise korral.<\/li>\n<\/ul>\n<p>Akvaarium Pluss O\u00dc ei kompenseeri moraalset kahju, mida v\u00f5ib tekitada kliendile tarneaegade, hindade ja muude tingimuste muutmine k\u00e4esolevate tingimuste raames.<\/p>\n<p>Teil on \u00f5igus kaup tagastada 14 p\u00e4eva jooksul alates kauba k\u00e4ttesaamisest.<br \/>\nTagastatav kaup peab olema kasutamata ja originaalpakendis ning vabas vormis tagastamisavaldus peab olema\u00a0 Akvaarium Pluss O\u00dc-le saadetud kirjalikult meiliaadressil\u00a0\u00a014 p\u00e4eva jooksul.<\/p>\n<p>Klient tasub kauba tagastamisega seotud transpordikulud, va juhul, kui kaup on kahjustustega, mida polnud v\u00e4lisel vaatlusel v\u00f5imalik tuvastada ning mis pole tekkinud pakendi avamisel v\u00f5i kui kaup ei vasta kliendi tellimuses olevale tootele (vale toode).<\/p>\n<h2><strong>Lisainfo<\/strong><\/h2>\n<p>Akvaarium Pluss O\u00dc j\u00e4tab endale \u00f5iguse muuta e-poe sisu, hindu ja s\u00fcsteeme.<br \/>\nLisainfo toodete, tarne-, maksetingimuste v\u00f5i muu kohta v\u00f5ta \u00fchendust: telefonil +372 5849 2155 v\u00f5i e-maili teel albert@akvaariumid.eu<\/p>\n<div class=\"clear\"><\/div>\n<\/div>\n<\/div>\n<div class=\"clear\"><\/div>\n<\/div>\n","protected":false},"excerpt":{"rendered":"<p>K\u00f5ik hinnad Akvaarium Pluss O\u00dc kodulehel on eurodes ning sisaldavad k\u00e4ibemaksu. Tellimuse vormistamine Vali v\u00e4lja endale meeldiv toode, vajuta nupule \u201cLisa korvi\u201d ja toode lisatakse ostukorvi. Seej\u00e4rel on v\u00f5imalik j\u00e4tkata teiste toodetega tutvumist, nende lisamist ostukorvi, muuta korvi sisu v\u00f5i alustada maksmist. Kauba eest tasumine Kauba eest tasumiseks mine ostukorvi, mille leiad lehek\u00fcljel paremal men\u00fc\u00fc [&hellip;]<\/p>\n","protected":false},"author":1,"featured_media":0,"parent":0,"menu_order":0,"comment_status":"closed","ping_status":"closed","template":"","meta":{"footnotes":""},"class_list":["post-14550","page","type-page","status-publish","hentry"],"rttpg_featured_image_url":null,"rttpg_author":{"display_name":"admin","author_link":"https:\/\/akvaariumid.eu\/ru\/author\/admin\/"},"rttpg_comment":0,"rttpg_category":" <a href=\"https:\/\/akvaariumid.eu\/ru\/?taxonomy=translation_priority&#038;term=%d0%bd%d0%b5%d0%be%d0%b1%d1%8f%d0%b7%d0%b0%d1%82%d0%b5%d0%bb%d1%8c%d0%bd%d1%8b%d0%b9\" rel=\"tag\">\u041d\u0435\u043e\u0431\u044f\u0437\u0430\u0442\u0435\u043b\u044c\u043d\u044b\u0439<\/a>","rttpg_excerpt":"K\u00f5ik hinnad Akvaarium Pluss O\u00dc kodulehel on eurodes ning sisaldavad k\u00e4ibemaksu. Tellimuse vormistamine Vali v\u00e4lja endale meeldiv toode, vajuta nupule \u201cLisa korvi\u201d ja toode lisatakse ostukorvi. Seej\u00e4rel on v\u00f5imalik j\u00e4tkata teiste toodetega tutvumist, nende lisamist ostukorvi, muuta korvi sisu v\u00f5i alustada maksmist. Kauba eest tasumine Kauba eest tasumiseks mine ostukorvi, mille leiad lehek\u00fcljel paremal men\u00fc\u00fc&hellip;","_links":{"self":[{"href":"https:\/\/akvaariumid.eu\/ru\/wp-json\/wp\/v2\/pages\/14550","targetHints":{"allow":["GET"]}}],"collection":[{"href":"https:\/\/akvaariumid.eu\/ru\/wp-json\/wp\/v2\/pages"}],"about":[{"href":"https:\/\/akvaariumid.eu\/ru\/wp-json\/wp\/v2\/types\/page"}],"author":[{"embeddable":true,"href":"https:\/\/akvaariumid.eu\/ru\/wp-json\/wp\/v2\/users\/1"}],"replies":[{"embeddable":true,"href":"https:\/\/akvaariumid.eu\/ru\/wp-json\/wp\/v2\/comments?post=14550"}],"version-history":[{"count":8,"href":"https:\/\/akvaariumid.eu\/ru\/wp-json\/wp\/v2\/pages\/14550\/revisions"}],"predecessor-version":[{"id":17970,"href":"https:\/\/akvaariumid.eu\/ru\/wp-json\/wp\/v2\/pages\/14550\/revisions\/17970"}],"wp:attachment":[{"href":"https:\/\/akvaariumid.eu\/ru\/wp-json\/wp\/v2\/media?parent=14550"}],"curies":[{"name":"wp","href":"https:\/\/api.w.org\/{rel}","templated":true}]}}