{"id":14328,"date":"2015-06-20T16:11:19","date_gmt":"2015-06-20T13:11:19","guid":{"rendered":"https:\/\/uus.akvaariumid.eu\/%d0%be-%d0%bd%d0%b0%d1%81\/"},"modified":"2022-10-12T19:49:32","modified_gmt":"2022-10-12T16:49:32","slug":"%d0%be-%d0%bd%d0%b0%d1%81","status":"publish","type":"page","link":"https:\/\/akvaariumid.eu\/ru\/%d0%be-%d0%bd%d0%b0%d1%81\/","title":{"rendered":"\u041e \u043d\u0430\u0441"},"content":{"rendered":"<div class=\"wpb-content-wrapper\"><p>[vc_row css=&#8221;.vc_custom_1507521286174{margin-bottom: 50px !important;}&#8221;][vc_column width=&#8221;1\/4&#8243;][vc_column_text]<\/p>\n<h2>\u0414\u043e\u0431\u0440\u043e \u043f\u043e\u0436\u0430\u043b\u043e\u0432\u0430\u0442\u044c \u0432 \u043d\u0430\u0448 \u043c\u0430\u0433\u0430\u0437\u0438\u043d<\/h2>\n<p>[\/vc_column_text][\/vc_column][vc_column width=&#8221;3\/4&#8243;][vc_column_text]\u041d\u0430\u0448 \u043c\u0430\u0433\u0430\u0437\u0438\u043d <strong>Akvaarium Pluss <\/strong>\u043f\u0440\u0435\u0434\u043b\u0430\u0433\u0430\u0435\u0442 \u0432\u0430\u043c \u0438 \u043e\u0431\u0438\u0442\u0430\u0442\u0435\u043b\u044f\u043c \u0432\u0430\u0448\u0435\u0433\u043e \u0430\u043a\u0432\u0430\u0440\u0438\u0443\u043c\u0430 \u0431\u043e\u043b\u044c\u0448\u043e\u0439 \u0432\u044b\u0431\u043e\u0440 \u0441\u043f\u0435\u0446\u0438\u0430\u043b\u0438\u0437\u0438\u0440\u043e\u0432\u0430\u043d\u043d\u044b\u0445 \u0442\u043e\u0432\u0430\u0440\u043e\u0432. \u0423 \u043d\u0430\u0441 \u0432\u044b \u0432\u0441\u0435\u0433\u0434\u0430 \u043d\u0430\u0439\u0434\u0451\u0442\u0435 \u0440\u0430\u0437\u043d\u043e\u043e\u0431\u0440\u0430\u0437\u043d\u044b\u0439 \u0432\u044b\u0431\u043e\u0440 \u0440\u044b\u0431 \u0438 \u0442\u043e\u0432\u0430\u0440\u043e\u0432 \u043e\u0442 \u043b\u0443\u0447\u0448\u0438\u0445 \u043c\u0438\u0440\u043e\u0432\u044b\u0445 \u0431\u0440\u0435\u043d\u0434\u043e\u0432, \u0442\u0430\u043a\u0438\u0445 \u043a\u0430\u043a EHEIM, Juwel, Easy Life, Tetra \u0438 \u0442.\u0434. <\/p>\n<p>\u041a\u043e\u043c\u0430\u043d\u0434\u0430 Akvaarium Pluss \u0441 \u0431\u043e\u043b\u0435\u0435 \u0447\u0435\u043c 30-\u043b\u0435\u0442\u043d\u0438\u043c \u043e\u043f\u044b\u0442\u043e\u043c \u0432\u0441\u0435\u0433\u0434\u0430 \u0433\u043e\u0442\u043e\u0432\u0430 \u043e\u0442\u0432\u0435\u0442\u0438\u0442\u044c \u043d\u0430 \u0432\u0430\u0448\u0438 \u0432\u043e\u043f\u0440\u043e\u0441\u044b \u0438 \u043f\u043e\u043c\u043e\u0447\u044c \u0432\u0430\u043c \u0441 \u043f\u0440\u043e\u0431\u043b\u0435\u043c\u0430\u043c\u0438, \u0441\u0432\u044f\u0437\u0430\u043d\u043d\u044b\u043c\u0438 \u0441 \u0430\u043a\u0432\u0430\u0440\u0438\u0443\u043c\u043e\u043c, \u0430 \u0442\u0430\u043a\u0436\u0435 \u0441 \u0432\u044b\u0431\u043e\u0440\u043e\u043c \u043f\u043e\u0434\u0445\u043e\u0434\u044f\u0449\u0435\u0439 \u043f\u0440\u043e\u0434\u0443\u043a\u0446\u0438\u0438!<\/p>\n<p>\u041d\u0430\u0448 \u043c\u0430\u0433\u0430\u0437\u0438\u043d \u043d\u0430\u0445\u043e\u0434\u0438\u0442\u0441\u044f \u0432 \u0446\u0435\u043d\u0442\u0440\u0435 \u0433\u043e\u0440\u043e\u0434\u0430, \u0440\u044f\u0434\u043e\u043c \u0441 \u0442\u043e\u0440\u0433\u043e\u0432\u044b\u043c \u0446\u0435\u043d\u0442\u0440\u043e\u043c Stockmann, \u0438 \u043a \u043d\u0430\u043c \u043b\u0435\u0433\u043a\u043e \u0434\u043e\u0431\u0440\u0430\u0442\u044c\u0441\u044f \u043a\u0430\u043a \u043d\u0430 \u043c\u0430\u0448\u0438\u043d\u0435, \u0442\u0430\u043a \u0438 \u043d\u0430 \u043e\u0431\u0449\u0435\u0441\u0442\u0432\u0435\u043d\u043d\u043e\u043c \u0442\u0440\u0430\u043d\u0441\u043f\u043e\u0440\u0442\u0435. \u0420\u044f\u0434\u043e\u043c \u043e\u0441\u0442\u0430\u043d\u043e\u0432\u043a\u0438 Gonsiori (\u0430\u0432\u0442\u043e\u0431\u0443\u0441), Keskturg \u0438 Paberi (\u0442\u0440\u0430\u043c\u0432\u0430\u0439). \u0415\u0441\u043b\u0438 \u0432\u044b \u043f\u0440\u0438\u0435\u0437\u0436\u0430\u0435\u0442\u0435 \u043a \u043d\u0430\u043c \u043d\u0430 \u043c\u0430\u0448\u0438\u043d\u0435, \u0442\u043e \u0432\u0430\u0436\u043d\u043e \u0437\u043d\u0430\u0442\u044c, \u0447\u0442\u043e \u043c\u044b \u043d\u0430\u0445\u043e\u0434\u0438\u043c\u0441\u044f \u0440\u044f\u0434\u043e\u043c \u0441 \u043f\u043b\u0430\u0442\u043d\u043e\u0439 \u043f\u0430\u0440\u043a\u043e\u0432\u043a\u043e\u0439 EuroPark (\u0437\u043e\u043d\u0430 EP17), \u043e\u043f\u043b\u0430\u0442\u0438\u0442\u044c \u043a\u043e\u0442\u043e\u0440\u0443\u044e \u043c\u043e\u0436\u043d\u043e \u043a\u0430\u043a \u0441 \u043c\u043e\u0431\u0438\u043b\u044c\u043d\u043e\u0433\u043e \u0442\u0435\u043b\u0435\u0444\u043e\u043d\u0430, \u0442\u0430\u043a \u0438 \u0441 \u043f\u0430\u0440\u043a\u043e\u0432\u043e\u0447\u043d\u043e\u0433\u043e \u0430\u0432\u0442\u043e\u043c\u0430\u0442\u0430. \u0412\u044a\u0435\u0445\u0430\u0442\u044c \u043d\u0430 \u0441\u0442\u043e\u044f\u043d\u043a\u0443 \u043c\u043e\u0436\u043d\u043e \u0441\u043e \u0441\u0442\u043e\u0440\u043e\u043d\u044b Tartu mnr \u0438\u043b\u0438 \u0443\u043b\u0438\u0446\u044b J. Kunderi.[\/vc_column_text][\/vc_column][\/vc_row][vc_row full_width=&#8221;stretch_row_content_no_spaces&#8221;][vc_column][vc_single_image image=&#8221;14317&#8243; img_size=&#8221;full&#8221; alignment=&#8221;center&#8221;][\/vc_column][\/vc_row][vc_row css=&#8221;.vc_custom_1507523032747{padding-top: 70px !important;padding-bottom: 70px !important;}&#8221;][vc_column]\t\t<div class=\"ts-testimonial-wrapper ts-shortcode style-6 text-default  ts-slider show-nav nav-middle\" data-nav=\"1\" data-dots=\"0\" data-autoplay=\"1\">\n\t\t\t\n\t\t\t\t\t\n\t\t\t<div class=\"items loading\">\n\t\t\t\t\t\t\t<div class=\"item\" >\n\t\t\t\t\t\t\t\t\t<blockquote class=\"style-2\">\n\t\t\t\t\t\n\t\t\t\t\t\t\t\t\t\t\n\t\t\t\t\t<div class=\"content\">\n\t\t\t\t\t\tV\u00e4ga hea valikuga akvariumistika kauplus Tallinnas! Alati saab asjaliku n\u00f5u suurte kogemustega personalilt. Saab osta kalu, akvaaruime, lisavarustust ja kalatoitu (kaasaarvatud k\u00fclmutatud s\u00f6\u00f6ta). Parkida saab mugavalt hoovis, s\u00f5ites sisse kas Tartu maanteelt v\u00f5i Kunderi t\u00e4navalt.\t\t\t\t\t<\/div>\n\t\t\t\t\t\n\t\t\t\t\t<p class=\"author-role\">\n\t\t\t\t\t\t<span class=\"author\">\n\t\t\t\t\t\t\t<a href=\"#\" target=\"_blank\">Denis Nikolajev<\/a>\n\t\t\t\t\t\t<\/span>\n\t\t\t\t\t\t<span class=\"role\"><\/span>\n\t\t\t\t\t\t\t\t\t\t\t<\/p>\n\t\t\t\t\t<\/blockquote>\n\t\t\t\t\t\t\t\t<\/div>\n\t\t\t\t\t\t\t\t<div class=\"item\" >\n\t\t\t\t\t\t\t\t\t<blockquote class=\"style-2\">\n\t\t\t\t\t\n\t\t\t\t\t\t\t\t\t\t\n\t\t\t\t\t<div class=\"content\">\n\t\t\t\t\t\t\u041e\u0447\u0435\u043d\u044c \u0434\u0435\u043b\u044c\u043d\u043e \u0440\u0430\u0441\u0441\u043a\u0430\u0436\u0443\u0442 \u043e \u0440\u044b\u0431\u043a\u0430\u0445, \u0440\u0430\u0441\u0442\u0435\u043d\u0438\u044f\u0445, \u043f\u0430\u043d\u0446\u0438\u0440\u043d\u044b\u0445 \u043f\u0440\u0435\u0434\u0441\u0442\u0430\u0432\u0438\u0442\u0435\u043b\u044f\u0445, \u043e \u0442\u043e\u043c \u043a\u0430\u043a \u0437\u0430\u043f\u0443\u0441\u0442\u0438\u0442\u044c \u0430\u043a\u0432\u0430\u0440\u0438\u0443\u043c, \u043a\u0430\u043a \u0441\u043e\u0434\u0435\u0440\u0436\u0430\u0442\u044c, \u043e \u043f\u0438\u0442\u0430\u043d\u0438\u0438, \u043b\u0435\u0447\u0435\u043d\u0438\u0435, \u043a\u0430\u043a \u0443\u043b\u0443\u0447\u0448\u0438\u0442\u044c \u0443\u0441\u043b\u043e\u0432\u0438\u044f \u0438 \u0422\u0414 \u0438 \u0422\u041f\r\n\u0422\u0430\u043a \u0436\u0435 \u044f\u0432\u043b\u044f\u044f\u0441\u044c \u043f\u0440\u0435\u0434\u0441\u0442\u0430\u0432\u0438\u0442\u0435\u043b\u044f\u043c\u0438 \u043d\u0435\u043c\u0435\u0446\u043a\u043e\u0433\u043e \u0431\u0440\u0435\u043d\u0434\u0430 Eheim \u043c\u043e\u0436\u043d\u043e \u043f\u0440\u0438\u043a\u0443\u043f\u0438\u0442\u044c \u0438 \u043a\u0430\u0447\u0435\u0441\u0442\u0432\u0435\u043d\u043d\u043e\u0433\u043e \u043f\u0440\u043e\u0434\u0443\u043a\u0442\u0430 \ud83d\ude42 \u0445\u043e\u0442\u044f \u0438 Tetra \u0435\u0441\u0442\u044c \u0432 \u0430\u0441\u0441\u043e\u0440\u0442\u0438\u043c\u0435\u043d\u0442\u0435 \u263a\ufe0f\t\t\t\t\t<\/div>\n\t\t\t\t\t\n\t\t\t\t\t<p class=\"author-role\">\n\t\t\t\t\t\t<span class=\"author\">\n\t\t\t\t\t\t\t<a href=\"#\" target=\"_blank\">Nail Treuberg<\/a>\n\t\t\t\t\t\t<\/span>\n\t\t\t\t\t\t<span class=\"role\">Google reviews<\/span>\n\t\t\t\t\t\t\t\t\t\t\t\t<div class=\"rating\" title=\"Rated 5 out of 5\">\n\t\t\t\t\t\t\t<span style=\"width: 100%\">Rated 5 out of 5<\/span>\n\t\t\t\t\t\t<\/div>\n\t\t\t\t\t<\/blockquote>\n\t\t\t\t\t\t\t\t<\/div>\n\t\t\t\t\t\t\t\t<div class=\"item\" >\n\t\t\t\t\t\t\t\t\t<blockquote class=\"style-2\">\n\t\t\t\t\t\n\t\t\t\t\t\t\t\t\t\t\n\t\t\t\t\t<div class=\"content\">\n\t\t\t\t\t\tV\u00e4ga hea professionaalne meeskond\t\t\t\t\t<\/div>\n\t\t\t\t\t\n\t\t\t\t\t<p class=\"author-role\">\n\t\t\t\t\t\t<span class=\"author\">\n\t\t\t\t\t\t\t<a href=\"#\" target=\"_blank\">Vaido Laas<\/a>\n\t\t\t\t\t\t<\/span>\n\t\t\t\t\t\t<span class=\"role\">Google reviews<\/span>\n\t\t\t\t\t\t\t\t\t\t\t\t<div class=\"rating\" title=\"Rated 5 out of 5\">\n\t\t\t\t\t\t\t<span style=\"width: 100%\">Rated 5 out of 5<\/span>\n\t\t\t\t\t\t<\/div>\n\t\t\t\t\t<\/blockquote>\n\t\t\t\t\t\t\t\t<\/div>\n\t\t\t\t\t\t\t\t<div class=\"item\" >\n\t\t\t\t\t\t\t\t\t<blockquote class=\"style-2\">\n\t\t\t\t\t\n\t\t\t\t\t\t\t\t\t\t\n\t\t\t\t\t<div class=\"content\">\n\t\t\t\t\t\tParimad hinnad, asjalikud ja profid m\u00fc\u00fcjad, suur kalade valik.\t\t\t\t\t<\/div>\n\t\t\t\t\t\n\t\t\t\t\t<p class=\"author-role\">\n\t\t\t\t\t\t<span class=\"author\">\n\t\t\t\t\t\t\t<a href=\"#\" target=\"_blank\">Leonhard J\u00e4rvis<\/a>\n\t\t\t\t\t\t<\/span>\n\t\t\t\t\t\t<span class=\"role\">Google reviews<\/span>\n\t\t\t\t\t\t\t\t\t\t\t\t<div class=\"rating\" title=\"Rated 5 out of 5\">\n\t\t\t\t\t\t\t<span style=\"width: 100%\">Rated 5 out of 5<\/span>\n\t\t\t\t\t\t<\/div>\n\t\t\t\t\t<\/blockquote>\n\t\t\t\t\t\t\t\t<\/div>\n\t\t\t\t\t\t\t<\/div>\n\t\t<\/div>\n\t\t[\/vc_column][\/vc_row][vc_row css=&#8221;.vc_custom_1507536516512{margin-bottom: 0px !important;}&#8221;][vc_column css=&#8221;.vc_custom_1507536532665{border-top-width: 1px !important;padding-top: 20px !important;padding-bottom: 20px !important;border-top-color: #f5f5f5 !important;border-top-style: solid !important;}&#8221;][\/vc_column][\/vc_row][vc_row full_width=&#8221;stretch_row_content_no_spaces&#8221; css=&#8221;.vc_custom_1507622693781{margin-bottom: -20px !important;}&#8221;][vc_column]\t\t\t<div class=\"google-map-embed\">\n\t\t\t\t<iframe frameborder=\"0\" scrolling=\"no\" marginheight=\"0\" marginwidth=\"0\"\n\t\t\t\t\t\tsrc=\"https:\/\/maps.google.com\/maps?q=Tartu%20maantee%2035%2FJ.Kunderi%208A%2C%2010115%20Tallinn&#038;t=m&#038;z=16&#038;output=embed&#038;iwloc=near\"\n\t\t\t\t\t\theight=\"600\"\n\t\t\t\t\t\twidth=\"100%\"\n\t\t\t\t\t\ttitle=\"Tartu maantee 35\/J.Kunderi 8A, 10115 Tallinn\"\n\t\t\t\t\t\taria-label=\"Tartu maantee 35\/J.Kunderi 8A, 10115 Tallinn\"\n\t\t\t\t><\/iframe>\n\t\t\t<\/div>\n\t\t\t[\/vc_column][\/vc_row]<\/p>\n<\/div>","protected":false},"excerpt":{"rendered":"<p>[vc_row css=&#8221;.vc_custom_1507521286174{margin-bottom: 50px !important;}&#8221;][vc_column width=&#8221;1\/4&#8243;][vc_column_text] \u0414\u043e\u0431\u0440\u043e \u043f\u043e\u0436\u0430\u043b\u043e\u0432\u0430\u0442\u044c \u0432 \u043d\u0430\u0448 \u043c\u0430\u0433\u0430\u0437\u0438\u043d [\/vc_column_text][\/vc_column][vc_column width=&#8221;3\/4&#8243;][vc_column_text]\u041d\u0430\u0448 \u043c\u0430\u0433\u0430\u0437\u0438\u043d Akvaarium Pluss \u043f\u0440\u0435\u0434\u043b\u0430\u0433\u0430\u0435\u0442 \u0432\u0430\u043c \u0438 \u043e\u0431\u0438\u0442\u0430\u0442\u0435\u043b\u044f\u043c \u0432\u0430\u0448\u0435\u0433\u043e \u0430\u043a\u0432\u0430\u0440\u0438\u0443\u043c\u0430 \u0431\u043e\u043b\u044c\u0448\u043e\u0439 \u0432\u044b\u0431\u043e\u0440 \u0441\u043f\u0435\u0446\u0438\u0430\u043b\u0438\u0437\u0438\u0440\u043e\u0432\u0430\u043d\u043d\u044b\u0445 \u0442\u043e\u0432\u0430\u0440\u043e\u0432. \u0423 \u043d\u0430\u0441 \u0432\u044b \u0432\u0441\u0435\u0433\u0434\u0430 \u043d\u0430\u0439\u0434\u0451\u0442\u0435 \u0440\u0430\u0437\u043d\u043e\u043e\u0431\u0440\u0430\u0437\u043d\u044b\u0439 \u0432\u044b\u0431\u043e\u0440 \u0440\u044b\u0431 \u0438 \u0442\u043e\u0432\u0430\u0440\u043e\u0432 \u043e\u0442 \u043b\u0443\u0447\u0448\u0438\u0445 \u043c\u0438\u0440\u043e\u0432\u044b\u0445 \u0431\u0440\u0435\u043d\u0434\u043e\u0432, \u0442\u0430\u043a\u0438\u0445 \u043a\u0430\u043a EHEIM, Juwel, Easy Life, Tetra \u0438 \u0442.\u0434. \u041a\u043e\u043c\u0430\u043d\u0434\u0430 Akvaarium Pluss \u0441 \u0431\u043e\u043b\u0435\u0435 \u0447\u0435\u043c 30-\u043b\u0435\u0442\u043d\u0438\u043c [&hellip;]<\/p>\n","protected":false},"author":1,"featured_media":0,"parent":0,"menu_order":0,"comment_status":"closed","ping_status":"closed","template":"","meta":{"footnotes":""},"class_list":["post-14328","page","type-page","status-publish","hentry"],"rttpg_featured_image_url":null,"rttpg_author":{"display_name":"admin","author_link":"https:\/\/akvaariumid.eu\/ru\/author\/admin\/"},"rttpg_comment":0,"rttpg_category":" <a href=\"https:\/\/akvaariumid.eu\/ru\/?taxonomy=translation_priority&#038;term=%d0%bd%d0%b5%d0%be%d0%b1%d1%8f%d0%b7%d0%b0%d1%82%d0%b5%d0%bb%d1%8c%d0%bd%d1%8b%d0%b9\" rel=\"tag\">\u041d\u0435\u043e\u0431\u044f\u0437\u0430\u0442\u0435\u043b\u044c\u043d\u044b\u0439<\/a>","rttpg_excerpt":"[vc_row css=&#8221;.vc_custom_1507521286174{margin-bottom: 50px !important;}&#8221;][vc_column width=&#8221;1\/4&#8243;][vc_column_text] \u0414\u043e\u0431\u0440\u043e \u043f\u043e\u0436\u0430\u043b\u043e\u0432\u0430\u0442\u044c \u0432 \u043d\u0430\u0448 \u043c\u0430\u0433\u0430\u0437\u0438\u043d [\/vc_column_text][\/vc_column][vc_column width=&#8221;3\/4&#8243;][vc_column_text]\u041d\u0430\u0448 \u043c\u0430\u0433\u0430\u0437\u0438\u043d Akvaarium Pluss \u043f\u0440\u0435\u0434\u043b\u0430\u0433\u0430\u0435\u0442 \u0432\u0430\u043c \u0438 \u043e\u0431\u0438\u0442\u0430\u0442\u0435\u043b\u044f\u043c \u0432\u0430\u0448\u0435\u0433\u043e \u0430\u043a\u0432\u0430\u0440\u0438\u0443\u043c\u0430 \u0431\u043e\u043b\u044c\u0448\u043e\u0439 \u0432\u044b\u0431\u043e\u0440 \u0441\u043f\u0435\u0446\u0438\u0430\u043b\u0438\u0437\u0438\u0440\u043e\u0432\u0430\u043d\u043d\u044b\u0445 \u0442\u043e\u0432\u0430\u0440\u043e\u0432. \u0423 \u043d\u0430\u0441 \u0432\u044b \u0432\u0441\u0435\u0433\u0434\u0430 \u043d\u0430\u0439\u0434\u0451\u0442\u0435 \u0440\u0430\u0437\u043d\u043e\u043e\u0431\u0440\u0430\u0437\u043d\u044b\u0439 \u0432\u044b\u0431\u043e\u0440 \u0440\u044b\u0431 \u0438 \u0442\u043e\u0432\u0430\u0440\u043e\u0432 \u043e\u0442 \u043b\u0443\u0447\u0448\u0438\u0445 \u043c\u0438\u0440\u043e\u0432\u044b\u0445 \u0431\u0440\u0435\u043d\u0434\u043e\u0432, \u0442\u0430\u043a\u0438\u0445 \u043a\u0430\u043a EHEIM, Juwel, Easy Life, Tetra \u0438 \u0442.\u0434. \u041a\u043e\u043c\u0430\u043d\u0434\u0430 Akvaarium Pluss \u0441 \u0431\u043e\u043b\u0435\u0435 \u0447\u0435\u043c 30-\u043b\u0435\u0442\u043d\u0438\u043c&hellip;","_links":{"self":[{"href":"https:\/\/akvaariumid.eu\/ru\/wp-json\/wp\/v2\/pages\/14328","targetHints":{"allow":["GET"]}}],"collection":[{"href":"https:\/\/akvaariumid.eu\/ru\/wp-json\/wp\/v2\/pages"}],"about":[{"href":"https:\/\/akvaariumid.eu\/ru\/wp-json\/wp\/v2\/types\/page"}],"author":[{"embeddable":true,"href":"https:\/\/akvaariumid.eu\/ru\/wp-json\/wp\/v2\/users\/1"}],"replies":[{"embeddable":true,"href":"https:\/\/akvaariumid.eu\/ru\/wp-json\/wp\/v2\/comments?post=14328"}],"version-history":[{"count":20,"href":"https:\/\/akvaariumid.eu\/ru\/wp-json\/wp\/v2\/pages\/14328\/revisions"}],"predecessor-version":[{"id":17357,"href":"https:\/\/akvaariumid.eu\/ru\/wp-json\/wp\/v2\/pages\/14328\/revisions\/17357"}],"wp:attachment":[{"href":"https:\/\/akvaariumid.eu\/ru\/wp-json\/wp\/v2\/media?parent=14328"}],"curies":[{"name":"wp","href":"https:\/\/api.w.org\/{rel}","templated":true}]}}